{"id":9,"date":"2023-04-09T17:38:00","date_gmt":"2023-04-09T17:38:00","guid":{"rendered":"https:\/\/edicionstransiberiano.com\/?page_id=9"},"modified":"2024-09-30T22:11:36","modified_gmt":"2024-09-30T22:11:36","slug":"qui-somos","status":"publish","type":"page","link":"https:\/\/edicionstransiberiano.com\/index.php\/inicio\/qui-somos\/","title":{"rendered":"Qui somos"},"content":{"rendered":"\n<p class=\"has-text-align-center has-x-large-font-size\"><strong>Qui somos<\/strong><\/p>\n\n\n\n<div class=\"wp-block-columns is-layout-flex wp-container-core-columns-is-layout-1 wp-block-columns-is-layout-flex\">\n<div class=\"wp-block-column is-layout-flow wp-block-column-is-layout-flow\" style=\"flex-basis:300px\">\n<p style=\"font-size:16px\">Transiberiano naixe en 2015 d&#8217;a voluntat de diferents autors de visibilizar atras propuestas literarias y permitir que lo que los autors aragoneses pueden dar a la comunidat aragonesofablant tienga oportunidat d&#8217;acabar<br>entre as mans d&#8217;os lectors.<\/p>\n<\/div>\n\n\n\n<div class=\"wp-block-column is-layout-flow wp-block-column-is-layout-flow\" style=\"flex-basis:300px\">\n<p style=\"font-size:16px\">En 2015 publiquemos la traducci\u00f3n d&#8217;un libro referencial pa la escasa literatura en aragon\u00e9s previa a lo movimiento de recuperaci\u00f3n d&#8217;a lengua. Una novela costumbrista que encara que no tienga que bel parrafo en aragon\u00e9s ye una fita en a nuestra literatura.<\/p>\n<\/div>\n\n\n\n<div class=\"wp-block-column is-layout-flow wp-block-column-is-layout-flow\" style=\"flex-basis:300px\">\n<p style=\"font-size:16px\">En os zaguers tiempos, en parte por os efectos d&#8217;a pandemia, hemos habiu de fer cambios. Agora reprenemos con esta web a difusi\u00f3n y venda d&#8217;os nuestros materials v\u00eda web, encara que tami\u00e9n contamos con bel punto de venda fisico. Navatea por a web y nos descubrir\u00e1s.<\/p>\n<\/div>\n<\/div>\n","protected":false},"excerpt":{"rendered":"<p>Qui somos Transiberiano naixe en 2015 d&#8217;a voluntat de diferents autors de visibilizar atras propuestas literarias y permitir que lo que los autors aragoneses pueden dar a la comunidat aragonesofablant tienga oportunidat d&#8217;acabarentre as mans d&#8217;os lectors. En 2015 publiquemos la traducci\u00f3n d&#8217;un libro referencial pa la escasa literatura en aragon\u00e9s previa a lo movimiento [&hellip;]<\/p>\n","protected":false},"author":1,"featured_media":0,"parent":29,"menu_order":0,"comment_status":"closed","ping_status":"closed","template":"","meta":{"footnotes":""},"class_list":["post-9","page","type-page","status-publish","hentry","post"],"_links":{"self":[{"href":"https:\/\/edicionstransiberiano.com\/index.php\/wp-json\/wp\/v2\/pages\/9"}],"collection":[{"href":"https:\/\/edicionstransiberiano.com\/index.php\/wp-json\/wp\/v2\/pages"}],"about":[{"href":"https:\/\/edicionstransiberiano.com\/index.php\/wp-json\/wp\/v2\/types\/page"}],"author":[{"embeddable":true,"href":"https:\/\/edicionstransiberiano.com\/index.php\/wp-json\/wp\/v2\/users\/1"}],"replies":[{"embeddable":true,"href":"https:\/\/edicionstransiberiano.com\/index.php\/wp-json\/wp\/v2\/comments?post=9"}],"version-history":[{"count":6,"href":"https:\/\/edicionstransiberiano.com\/index.php\/wp-json\/wp\/v2\/pages\/9\/revisions"}],"predecessor-version":[{"id":420,"href":"https:\/\/edicionstransiberiano.com\/index.php\/wp-json\/wp\/v2\/pages\/9\/revisions\/420"}],"up":[{"embeddable":true,"href":"https:\/\/edicionstransiberiano.com\/index.php\/wp-json\/wp\/v2\/pages\/29"}],"wp:attachment":[{"href":"https:\/\/edicionstransiberiano.com\/index.php\/wp-json\/wp\/v2\/media?parent=9"}],"curies":[{"name":"wp","href":"https:\/\/api.w.org\/{rel}","templated":true}]}}