{"id":726,"date":"2025-04-23T14:21:14","date_gmt":"2025-04-23T14:21:14","guid":{"rendered":"https:\/\/edicionstransiberiano.com\/?page_id=726"},"modified":"2025-05-14T17:29:28","modified_gmt":"2025-05-14T17:29:28","slug":"troncedo-aragones-fovano-lexico-y-gramatica","status":"publish","type":"page","link":"https:\/\/edicionstransiberiano.com\/index.php\/inicio\/catalogo\/selgua-2\/troncedo-aragones-fovano-lexico-y-gramatica\/","title":{"rendered":"Troncedo, aragon\u00e9s fovano: l\u00e9xico y gram\u00e1tica"},"content":{"rendered":"\n<div class=\"wp-block-columns is-layout-flex wp-container-core-columns-is-layout-1 wp-block-columns-is-layout-flex\">\n<div class=\"wp-block-column is-layout-flow wp-block-column-is-layout-flow\">\n<p>Autor: Fernando Romanos Hernando<\/p>\n\n\n\n<p>ISBN: 978-84-129751-9-2<\/p>\n\n\n\n<div class=\"wp-block-buttons is-layout-flex wp-block-buttons-is-layout-flex\">\n<div class=\"wp-block-button\"><a class=\"wp-block-button__link wp-element-button\" href=\"https:\/\/www.todostuslibros.com\/libros\/troncedo-aragones-fovano-lexico-y-gramatica_978-84-129751-9-2\"><strong><mark style=\"background-color:rgba(0, 0, 0, 0)\" class=\"has-inline-color has-luminous-vivid-amber-color\">MERCAR<\/mark><\/strong><\/a><\/div>\n<\/div>\n\n\n\n<p>&#8212;&#8212;&#8212;&#8212;&#8212;&#8212;&#8212;&#8212;&#8212;&#8212;&#8212;&#8212;&#8212;&#8212;&#8211;<\/p>\n\n\n\n<div class=\"wp-block-buttons is-layout-flex wp-block-buttons-is-layout-flex\">\n<div class=\"wp-block-button\"><a class=\"wp-block-button__link wp-element-button\" href=\"https:\/\/edicionstransiberiano.com\/index.php\/inicio\/catalogo\/selgua-2\/\">Tornar ta Selgua &gt;<\/a><\/div>\n<\/div>\n\n\n\n<p><strong>Descripci\u00f3n<\/strong> <kbd>\u25bc<\/kbd><\/p>\n\n\n\n<p><strong>Pachina d&#8217;eixemplo<\/strong> <kbd>\u25bc<\/kbd><\/p>\n<\/div>\n\n\n\n<div class=\"wp-block-column is-layout-flow wp-block-column-is-layout-flow\">\n<figure class=\"wp-block-image size-full\"><img loading=\"lazy\" decoding=\"async\" width=\"1960\" height=\"2560\" src=\"https:\/\/edicionstransiberiano.com\/wp-content\/uploads\/2025\/04\/TRONCEDO01-scaled.jpg\" alt=\"\" class=\"wp-image-733\" srcset=\"https:\/\/edicionstransiberiano.com\/wp-content\/uploads\/2025\/04\/TRONCEDO01-scaled.jpg 1960w, https:\/\/edicionstransiberiano.com\/wp-content\/uploads\/2025\/04\/TRONCEDO01-230x300.jpg 230w, https:\/\/edicionstransiberiano.com\/wp-content\/uploads\/2025\/04\/TRONCEDO01-784x1024.jpg 784w, https:\/\/edicionstransiberiano.com\/wp-content\/uploads\/2025\/04\/TRONCEDO01-768x1003.jpg 768w, https:\/\/edicionstransiberiano.com\/wp-content\/uploads\/2025\/04\/TRONCEDO01-1176x1536.jpg 1176w, https:\/\/edicionstransiberiano.com\/wp-content\/uploads\/2025\/04\/TRONCEDO01-1568x2048.jpg 1568w\" sizes=\"(max-width: 1960px) 100vw, 1960px\" \/><\/figure>\n<\/div>\n<\/div>\n\n\n\n<p><strong>Descripci\u00f3n<\/strong><\/p>\n\n\n\n<p>El Fovano es la variedad de aragon\u00e9s hablada en el espacio geogr\u00e1fico de La Fueva, formado por el municipio de este mismo nombre y localidades pertenecientes a otros municipios, aunque geogr\u00e1ficamente y ling\u00fc\u00edsticamente, forman parte de la Fueva y utilizan el mismo modelo de lengua. <\/p>\n\n\n\n<p>Este libro recoge el vocabulario en aragon\u00e9s fovano de Troncedo, localidad del sur de la Fueva. Un total de 6.200 registros l\u00e9xicos organizados en 4.090 entradas incluyendo tambi\u00e9n m\u00e1s de 2.000 ejemplos de uso contextualizados en frases, adem\u00e1s de modismos y una amplia fraseolog\u00eda. Todo ello documentado con paciencia y entusiasmo en cientos de horas de entrevistas, grabaciones y conversaciones con los informantes realizadas entre 2015 y 2024. Se complementa con una introducci\u00f3n que describe los principales aspectos gramaticales del aragon\u00e9s hablado en Troncedo, junto con mapas explicativos de las isoglosas de los principales rasgos que diferencian el fovano del aragon\u00e9s ribagorzano y el fovano de Troncedo del resto de la Fueva. <\/p>\n\n\n\n<p>Queremos que este libro contribuya al mejor conocimiento del aragon\u00e9s vivo, en especial del fovano, quiz\u00e1s la variedad menos conocida y menos estudiada de todo el conjunto de la lengua aragonesa.<\/p>\n\n\n\n<div class=\"wp-block-columns is-layout-flex wp-container-core-columns-is-layout-2 wp-block-columns-is-layout-flex\">\n<div class=\"wp-block-column is-layout-flow wp-block-column-is-layout-flow\" style=\"flex-basis:66.66%\">\n<p><strong>Pachina d&#8217;eixemplo.<\/strong><\/p>\n\n\n\n<figure class=\"wp-block-image size-large is-resized\"><img loading=\"lazy\" decoding=\"async\" width=\"724\" height=\"1024\" src=\"https:\/\/edicionstransiberiano.com\/wp-content\/uploads\/2025\/04\/TRONCEDO02-724x1024.jpg\" alt=\"\" class=\"wp-image-735\" style=\"width:698px;height:auto\" srcset=\"https:\/\/edicionstransiberiano.com\/wp-content\/uploads\/2025\/04\/TRONCEDO02-724x1024.jpg 724w, https:\/\/edicionstransiberiano.com\/wp-content\/uploads\/2025\/04\/TRONCEDO02-212x300.jpg 212w, https:\/\/edicionstransiberiano.com\/wp-content\/uploads\/2025\/04\/TRONCEDO02-768x1086.jpg 768w, https:\/\/edicionstransiberiano.com\/wp-content\/uploads\/2025\/04\/TRONCEDO02-1086x1536.jpg 1086w, https:\/\/edicionstransiberiano.com\/wp-content\/uploads\/2025\/04\/TRONCEDO02-1448x2048.jpg 1448w, https:\/\/edicionstransiberiano.com\/wp-content\/uploads\/2025\/04\/TRONCEDO02-scaled.jpg 1810w\" sizes=\"(max-width: 724px) 100vw, 724px\" \/><\/figure>\n<\/div>\n<\/div>\n\n\n\n<div class=\"wp-block-buttons is-layout-flex wp-block-buttons-is-layout-flex\">\n<div class=\"wp-block-button\"><a class=\"wp-block-button__link wp-element-button\" href=\"https:\/\/www.todostuslibros.com\/libros\/troncedo-aragones-fovano-lexico-y-gramatica_978-84-129751-9-2\"><strong><mark style=\"background-color:rgba(0, 0, 0, 0)\" class=\"has-inline-color has-luminous-vivid-amber-color\">MERCAR<\/mark><\/strong><\/a><\/div>\n\n\n\n<div class=\"wp-block-button\"><a class=\"wp-block-button__link wp-element-button\" href=\"https:\/\/edicionstransiberiano.com\/index.php\/inicio\/catalogo\/selgua-2\/\">Tornar ta Selgua &gt;<\/a><\/div>\n<\/div>\n","protected":false},"excerpt":{"rendered":"<p>Autor: Fernando Romanos Hernando ISBN: 978-84-129751-9-2 &#8212;&#8212;&#8212;&#8212;&#8212;&#8212;&#8212;&#8212;&#8212;&#8212;&#8212;&#8212;&#8212;&#8212;&#8211; Descripci\u00f3n \u25bc Pachina d&#8217;eixemplo \u25bc Descripci\u00f3n El Fovano es la variedad de aragon\u00e9s hablada en el espacio geogr\u00e1fico de La Fueva, formado por el municipio de este mismo nombre y localidades pertenecientes a otros municipios, aunque geogr\u00e1ficamente y ling\u00fc\u00edsticamente, forman parte de la Fueva y utilizan el mismo [&hellip;]<\/p>\n","protected":false},"author":1,"featured_media":0,"parent":124,"menu_order":0,"comment_status":"closed","ping_status":"closed","template":"","meta":{"footnotes":""},"class_list":["post-726","page","type-page","status-publish","hentry","post"],"_links":{"self":[{"href":"https:\/\/edicionstransiberiano.com\/index.php\/wp-json\/wp\/v2\/pages\/726"}],"collection":[{"href":"https:\/\/edicionstransiberiano.com\/index.php\/wp-json\/wp\/v2\/pages"}],"about":[{"href":"https:\/\/edicionstransiberiano.com\/index.php\/wp-json\/wp\/v2\/types\/page"}],"author":[{"embeddable":true,"href":"https:\/\/edicionstransiberiano.com\/index.php\/wp-json\/wp\/v2\/users\/1"}],"replies":[{"embeddable":true,"href":"https:\/\/edicionstransiberiano.com\/index.php\/wp-json\/wp\/v2\/comments?post=726"}],"version-history":[{"count":3,"href":"https:\/\/edicionstransiberiano.com\/index.php\/wp-json\/wp\/v2\/pages\/726\/revisions"}],"predecessor-version":[{"id":750,"href":"https:\/\/edicionstransiberiano.com\/index.php\/wp-json\/wp\/v2\/pages\/726\/revisions\/750"}],"up":[{"embeddable":true,"href":"https:\/\/edicionstransiberiano.com\/index.php\/wp-json\/wp\/v2\/pages\/124"}],"wp:attachment":[{"href":"https:\/\/edicionstransiberiano.com\/index.php\/wp-json\/wp\/v2\/media?parent=726"}],"curies":[{"name":"wp","href":"https:\/\/api.w.org\/{rel}","templated":true}]}}