{"id":725,"date":"2025-04-23T14:33:37","date_gmt":"2025-04-23T14:33:37","guid":{"rendered":"https:\/\/edicionstransiberiano.com\/?page_id=725"},"modified":"2025-05-14T15:15:54","modified_gmt":"2025-05-14T15:15:54","slug":"diccionario-de-fraseolochia-basica-de-laragones","status":"publish","type":"page","link":"https:\/\/edicionstransiberiano.com\/index.php\/inicio\/catalogo\/selgua-2\/diccionario-de-fraseolochia-basica-de-laragones\/","title":{"rendered":"Diccionario de fraseoloch\u00eda basica de l&#8217;aragon\u00e9s"},"content":{"rendered":"\n<div class=\"wp-block-columns is-layout-flex wp-container-core-columns-is-layout-1 wp-block-columns-is-layout-flex\">\n<div class=\"wp-block-column is-layout-flow wp-block-column-is-layout-flow\">\n<p>Autors: Fernando Romanos Hernando, Chabier Tierz L\u00f3pez <\/p>\n\n\n\n<p>ISBN: 978-84-129981-9-1<\/p>\n\n\n\n<div class=\"wp-block-buttons is-layout-flex wp-block-buttons-is-layout-flex\">\n<div class=\"wp-block-button\"><a class=\"wp-block-button__link wp-element-button\" href=\"https:\/\/www.todostuslibros.com\/libros\/diccionario-de-fraseologia-basica-de-l-aragones_978-84-129981-9-1\"><strong><mark style=\"background-color:rgba(0, 0, 0, 0)\" class=\"has-inline-color has-luminous-vivid-amber-color\">MERCAR<\/mark><\/strong><\/a><\/div>\n<\/div>\n\n\n\n<p>&#8212;&#8212;&#8212;&#8212;&#8212;&#8212;&#8212;&#8212;&#8212;&#8212;&#8212;&#8212;&#8212;&#8212;&#8211;<\/p>\n\n\n\n<div class=\"wp-block-buttons is-layout-flex wp-block-buttons-is-layout-flex\">\n<div class=\"wp-block-button\"><a class=\"wp-block-button__link wp-element-button\" href=\"https:\/\/edicionstransiberiano.com\/index.php\/inicio\/catalogo\/selgua-2\/\">Tornar ta Selgua &gt;<\/a><\/div>\n<\/div>\n\n\n\n<div class=\"wp-block-buttons is-layout-flex wp-block-buttons-is-layout-flex\"><\/div>\n\n\n\n<p><strong>Descripci\u00f3n<\/strong> <kbd>\u25bc<\/kbd><\/p>\n\n\n\n<p><strong>Pachina d&#8217;eixemplo<\/strong> <kbd>\u25bc<\/kbd><\/p>\n<\/div>\n\n\n\n<div class=\"wp-block-column is-layout-flow wp-block-column-is-layout-flow\">\n<figure class=\"wp-block-image size-full is-resized\"><img loading=\"lazy\" decoding=\"async\" width=\"970\" height=\"1300\" src=\"https:\/\/edicionstransiberiano.com\/wp-content\/uploads\/2025\/04\/fraseolochia.jpeg\" alt=\"\" class=\"wp-image-738\" style=\"width:446px;height:auto\" srcset=\"https:\/\/edicionstransiberiano.com\/wp-content\/uploads\/2025\/04\/fraseolochia.jpeg 970w, https:\/\/edicionstransiberiano.com\/wp-content\/uploads\/2025\/04\/fraseolochia-224x300.jpeg 224w, https:\/\/edicionstransiberiano.com\/wp-content\/uploads\/2025\/04\/fraseolochia-764x1024.jpeg 764w, https:\/\/edicionstransiberiano.com\/wp-content\/uploads\/2025\/04\/fraseolochia-768x1029.jpeg 768w\" sizes=\"(max-width: 970px) 100vw, 970px\" \/><\/figure>\n<\/div>\n<\/div>\n\n\n\n<div class=\"wp-block-columns is-layout-flex wp-container-core-columns-is-layout-2 wp-block-columns-is-layout-flex\">\n<div class=\"wp-block-column is-layout-flow wp-block-column-is-layout-flow\" style=\"flex-basis:66.66%\">\n<p><strong>Descripci\u00f3n<\/strong><\/p>\n<\/div>\n<\/div>\n\n\n\n<p>Diccionario de fraseolog\u00eda b\u00e1sica del aragon\u00e9s, tras una introducci\u00f3n donde se explica el proceso de elaboraci\u00f3n del diccionario y un an\u00e1lisis de la fraseolog\u00eda, el libro presenta un listado de 2500 locuciones idiom\u00e1ticas explicadas y con su marca diat\u00f3pica. Le sigue un vocabulario biling\u00fce aragon\u00e9s-castellano y castellano-aragon\u00e9s con las equivalencias de las locuciones m\u00e1s importantes. Finalmente, se recoge una bibliograf\u00eda ordenada por zonas de uso del aragon\u00e9s.<\/p>\n\n\n\n<div class=\"wp-block-columns is-layout-flex wp-container-core-columns-is-layout-3 wp-block-columns-is-layout-flex\">\n<div class=\"wp-block-column is-layout-flow wp-block-column-is-layout-flow\" style=\"flex-basis:66.66%\">\n<p><strong>Pachina d&#8217;eixemplo<\/strong><\/p>\n\n\n\n<figure class=\"wp-block-image size-large is-resized\"><img loading=\"lazy\" decoding=\"async\" width=\"1024\" height=\"770\" src=\"https:\/\/edicionstransiberiano.com\/wp-content\/uploads\/2025\/04\/fraseomuestra-1024x770.jpeg\" alt=\"\" class=\"wp-image-741\" style=\"width:815px;height:auto\" srcset=\"https:\/\/edicionstransiberiano.com\/wp-content\/uploads\/2025\/04\/fraseomuestra-1024x770.jpeg 1024w, https:\/\/edicionstransiberiano.com\/wp-content\/uploads\/2025\/04\/fraseomuestra-300x225.jpeg 300w, https:\/\/edicionstransiberiano.com\/wp-content\/uploads\/2025\/04\/fraseomuestra-768x577.jpeg 768w, https:\/\/edicionstransiberiano.com\/wp-content\/uploads\/2025\/04\/fraseomuestra.jpeg 1316w\" sizes=\"(max-width: 1024px) 100vw, 1024px\" \/><\/figure>\n<\/div>\n<\/div>\n\n\n\n<div class=\"wp-block-buttons is-layout-flex wp-block-buttons-is-layout-flex\">\n<div class=\"wp-block-button\"><a class=\"wp-block-button__link wp-element-button\" href=\"https:\/\/www.todostuslibros.com\/libros\/diccionario-de-fraseologia-basica-de-l-aragones_978-84-129981-9-1\"><strong><mark style=\"background-color:rgba(0, 0, 0, 0)\" class=\"has-inline-color has-luminous-vivid-amber-color\">MERCAR<\/mark><\/strong><\/a><\/div>\n\n\n\n<div class=\"wp-block-button\"><a class=\"wp-block-button__link wp-element-button\" href=\"https:\/\/edicionstransiberiano.com\/index.php\/inicio\/catalogo\/selgua-2\/\">Tornar ta Selgua &gt;<\/a><\/div>\n<\/div>\n","protected":false},"excerpt":{"rendered":"<p>Autors: Fernando Romanos Hernando, Chabier Tierz L\u00f3pez ISBN: 978-84-129981-9-1 &#8212;&#8212;&#8212;&#8212;&#8212;&#8212;&#8212;&#8212;&#8212;&#8212;&#8212;&#8212;&#8212;&#8212;&#8211; Descripci\u00f3n \u25bc Pachina d&#8217;eixemplo \u25bc Descripci\u00f3n Diccionario de fraseolog\u00eda b\u00e1sica del aragon\u00e9s, tras una introducci\u00f3n donde se explica el proceso de elaboraci\u00f3n del diccionario y un an\u00e1lisis de la fraseolog\u00eda, el libro presenta un listado de 2500 locuciones idiom\u00e1ticas explicadas y con su marca diat\u00f3pica. [&hellip;]<\/p>\n","protected":false},"author":1,"featured_media":0,"parent":124,"menu_order":0,"comment_status":"closed","ping_status":"closed","template":"","meta":{"footnotes":""},"class_list":["post-725","page","type-page","status-publish","hentry","post"],"_links":{"self":[{"href":"https:\/\/edicionstransiberiano.com\/index.php\/wp-json\/wp\/v2\/pages\/725"}],"collection":[{"href":"https:\/\/edicionstransiberiano.com\/index.php\/wp-json\/wp\/v2\/pages"}],"about":[{"href":"https:\/\/edicionstransiberiano.com\/index.php\/wp-json\/wp\/v2\/types\/page"}],"author":[{"embeddable":true,"href":"https:\/\/edicionstransiberiano.com\/index.php\/wp-json\/wp\/v2\/users\/1"}],"replies":[{"embeddable":true,"href":"https:\/\/edicionstransiberiano.com\/index.php\/wp-json\/wp\/v2\/comments?post=725"}],"version-history":[{"count":6,"href":"https:\/\/edicionstransiberiano.com\/index.php\/wp-json\/wp\/v2\/pages\/725\/revisions"}],"predecessor-version":[{"id":747,"href":"https:\/\/edicionstransiberiano.com\/index.php\/wp-json\/wp\/v2\/pages\/725\/revisions\/747"}],"up":[{"embeddable":true,"href":"https:\/\/edicionstransiberiano.com\/index.php\/wp-json\/wp\/v2\/pages\/124"}],"wp:attachment":[{"href":"https:\/\/edicionstransiberiano.com\/index.php\/wp-json\/wp\/v2\/media?parent=725"}],"curies":[{"name":"wp","href":"https:\/\/api.w.org\/{rel}","templated":true}]}}