{"id":53,"date":"2023-04-10T14:37:12","date_gmt":"2023-04-10T14:37:12","guid":{"rendered":"https:\/\/edicionstransiberiano.com\/?page_id=53"},"modified":"2025-01-13T19:29:59","modified_gmt":"2025-01-13T19:29:59","slug":"catalogo","status":"publish","type":"page","link":"https:\/\/edicionstransiberiano.com\/index.php\/inicio\/catalogo\/","title":{"rendered":"Catalogo"},"content":{"rendered":"\n<p class=\"has-text-align-center has-x-large-font-size\"><strong>Catalogo<\/strong><\/p>\n\n\n\n<p class=\"has-text-align-center\" style=\"font-size:18px\">Busca entre as nuestras coleccions pa trobar los t\u00edtols que mas goyo te fagan.<\/p>\n\n\n\n<div class=\"wp-block-columns is-layout-flex wp-container-core-columns-is-layout-1 wp-block-columns-is-layout-flex\">\n<div class=\"wp-block-column is-layout-flow wp-block-column-is-layout-flow\"><div class=\"wp-block-image\">\n<figure class=\"aligncenter size-full\"><a href=\"https:\/\/edicionstransiberiano.com\/index.php\/canfranero\/\"><img loading=\"lazy\" decoding=\"async\" width=\"517\" height=\"220\" src=\"https:\/\/edicionstransiberiano.com\/wp-content\/uploads\/2023\/04\/canfranero-1.png\" alt=\"\" class=\"wp-image-62\" srcset=\"https:\/\/edicionstransiberiano.com\/wp-content\/uploads\/2023\/04\/canfranero-1.png 517w, https:\/\/edicionstransiberiano.com\/wp-content\/uploads\/2023\/04\/canfranero-1-300x128.png 300w\" sizes=\"(max-width: 517px) 100vw, 517px\" \/><\/a><\/figure><\/div>\n\n\n<p class=\"has-text-align-center\" style=\"font-size:18px\"><strong>Narrativa<\/strong><\/p>\n<\/div>\n\n\n\n<div class=\"wp-block-column is-layout-flow wp-block-column-is-layout-flow\"><div class=\"wp-block-image\">\n<figure class=\"aligncenter size-full\"><a href=\"https:\/\/edicionstransiberiano.com\/index.php\/inicio\/catalogo\/cuencas-meneras\/\"><img loading=\"lazy\" decoding=\"async\" width=\"517\" height=\"220\" src=\"https:\/\/edicionstransiberiano.com\/wp-content\/uploads\/2023\/04\/cuencasmeneras-1.png\" alt=\"\" class=\"wp-image-63\" srcset=\"https:\/\/edicionstransiberiano.com\/wp-content\/uploads\/2023\/04\/cuencasmeneras-1.png 517w, https:\/\/edicionstransiberiano.com\/wp-content\/uploads\/2023\/04\/cuencasmeneras-1-300x128.png 300w\" sizes=\"(max-width: 517px) 100vw, 517px\" \/><\/a><\/figure><\/div>\n\n\n<p class=\"has-text-align-center\" style=\"font-size:18px\"><strong>Clasicos (traducci\u00f3n)<\/strong><\/p>\n<\/div>\n\n\n\n<div class=\"wp-block-column is-layout-flow wp-block-column-is-layout-flow\"><div class=\"wp-block-image\">\n<figure class=\"aligncenter size-full\"><a href=\"https:\/\/edicionstransiberiano.com\/index.php\/inicio\/catalogo\/selgua-2\/\"><img loading=\"lazy\" decoding=\"async\" width=\"517\" height=\"220\" src=\"https:\/\/edicionstransiberiano.com\/wp-content\/uploads\/2023\/04\/selgua-1.png\" alt=\"\" class=\"wp-image-64\" srcset=\"https:\/\/edicionstransiberiano.com\/wp-content\/uploads\/2023\/04\/selgua-1.png 517w, https:\/\/edicionstransiberiano.com\/wp-content\/uploads\/2023\/04\/selgua-1-300x128.png 300w\" sizes=\"(max-width: 517px) 100vw, 517px\" \/><\/a><\/figure><\/div>\n\n\n<p class=\"has-text-align-center\" style=\"font-size:18px\"><strong>Estudios<\/strong><\/p>\n<\/div>\n<\/div>\n\n\n\n<div class=\"wp-block-columns is-layout-flex wp-container-core-columns-is-layout-2 wp-block-columns-is-layout-flex\">\n<div class=\"wp-block-column is-layout-flow wp-block-column-is-layout-flow\"><div class=\"wp-block-image\">\n<figure class=\"aligncenter size-full\"><a href=\"https:\/\/edicionstransiberiano.com\/index.php\/inicio\/catalogo\/tarazonica-2\/\"><img loading=\"lazy\" decoding=\"async\" width=\"517\" height=\"220\" src=\"https:\/\/edicionstransiberiano.com\/wp-content\/uploads\/2023\/04\/tarazonica-1.png\" alt=\"\" class=\"wp-image-65\" srcset=\"https:\/\/edicionstransiberiano.com\/wp-content\/uploads\/2023\/04\/tarazonica-1.png 517w, https:\/\/edicionstransiberiano.com\/wp-content\/uploads\/2023\/04\/tarazonica-1-300x128.png 300w\" sizes=\"(max-width: 517px) 100vw, 517px\" \/><\/a><\/figure><\/div>\n\n\n<p class=\"has-text-align-center\" style=\"font-size:18px\"><strong>Infantil<\/strong><\/p>\n<\/div>\n\n\n\n<div class=\"wp-block-column is-layout-flow wp-block-column-is-layout-flow\"><div class=\"wp-block-image\">\n<figure class=\"aligncenter size-full\"><a href=\"https:\/\/edicionstransiberiano.com\/index.php\/inicio\/catalogo\/uellos-negros\/\"><img loading=\"lazy\" decoding=\"async\" width=\"517\" height=\"220\" src=\"https:\/\/edicionstransiberiano.com\/wp-content\/uploads\/2023\/04\/uellosnegros-1.png\" alt=\"\" class=\"wp-image-67\" srcset=\"https:\/\/edicionstransiberiano.com\/wp-content\/uploads\/2023\/04\/uellosnegros-1.png 517w, https:\/\/edicionstransiberiano.com\/wp-content\/uploads\/2023\/04\/uellosnegros-1-300x128.png 300w\" sizes=\"(max-width: 517px) 100vw, 517px\" \/><\/a><\/figure><\/div>\n\n\n<p class=\"has-text-align-center\" style=\"font-size:18px\"><strong>Poes\u00eda<\/strong><\/p>\n<\/div>\n\n\n\n<div class=\"wp-block-column is-layout-flow wp-block-column-is-layout-flow\"><div class=\"wp-block-image\">\n<figure class=\"aligncenter size-full\"><a href=\"https:\/\/edicionstransiberiano.com\/index.php\/inicio\/catalogo\/edicions-especials\/\"><img loading=\"lazy\" decoding=\"async\" width=\"517\" height=\"220\" src=\"https:\/\/edicionstransiberiano.com\/wp-content\/uploads\/2023\/04\/logo-transiberiano-narrow31-2.png\" alt=\"\" class=\"wp-image-68\" srcset=\"https:\/\/edicionstransiberiano.com\/wp-content\/uploads\/2023\/04\/logo-transiberiano-narrow31-2.png 517w, https:\/\/edicionstransiberiano.com\/wp-content\/uploads\/2023\/04\/logo-transiberiano-narrow31-2-300x128.png 300w\" sizes=\"(max-width: 517px) 100vw, 517px\" \/><\/a><\/figure><\/div>\n\n\n<p class=\"has-text-align-center\" style=\"font-size:18px\"><strong>Edicions especials<\/strong><\/p>\n<\/div>\n<\/div>\n\n\n\n<figure class=\"wp-block-table\"><table><tbody><tr><td><\/td><td><font size=\"12\"><strong>TOZ OS TITOLS<\/strong><\/font><\/td><td><\/td><\/tr><tr><td>1<\/td><td>Vida de Pedro Saputo<\/td><td>Braulio Foz \/ Feliciano Mart\u00ednez Tur<\/td><\/tr><tr><td>2<\/td><td>Carasol aragon\u00e9s<\/td><td>Jos\u00e9 Mar\u00eda Satu\u00e9<\/td><\/tr><tr><td>3<\/td><td>Alas de papel Gernika 1937<\/td><td>Fernando Romanos<\/td><\/tr><tr><td>4<\/td><td>Ucron\u00eda<\/td><td>Dab\u00ed Lahiguera<\/td><\/tr><tr><td>5<\/td><td>Fillos d&#8217;as luengas<\/td><td>Santiago Paricio<\/td><\/tr><tr><td>6<\/td><td>Vidas crebazadas<\/td><td>Rub\u00e9n Ramos<\/td><\/tr><tr><td>7<\/td><td>Nabar, cuentos d&#8217;o mundo<\/td><td>Koldo Izaguirre \/ Dab\u00ed Lahiguera<\/td><\/tr><tr><td>8<\/td><td>Tirant lo blanco<\/td><td>Bernat Joan \/ Feliciano Mart\u00ednez Tur<\/td><\/tr><tr><td>9<\/td><td>Beliquetz y espurnallos de vida<\/td><td>Quino Villa<\/td><\/tr><tr><td>10<\/td><td>Quarenta traqueteyos d&#8217;esperanza<\/td><td>Jes\u00fas Sierra<\/td><\/tr><tr><td>11<\/td><td>Baixo a mirada de Os Fustetz<\/td><td>Fernando Romanos<\/td><\/tr><tr><td>12<\/td><td>Mullers esperrecadas<\/td><td>Estela Alcay<\/td><\/tr><tr><td>13<\/td><td>Mullers esperrecadas. Edici\u00f3n biling\u00fce<\/td><td>Estela Alcay<\/td><\/tr><tr><td>14<\/td><td>Una volada d&#8217;aire. M\u00e1s carasols<\/td><td>Jos\u00e9 Mar\u00eda Satu\u00e9<\/td><\/tr><tr><td>15<\/td><td>En l&#8217;altro canto d&#8217;a buega<\/td><td>Rub\u00e9n Ramos<\/td><\/tr><tr><td>16<\/td><td>Cinquanta sospiros d&#8217;amor y vida<\/td><td>Jes\u00fas Sierra<\/td><\/tr><tr><td>17<\/td><td>Basemias de las viladas foscas<\/td><td>Chabier Crespo<\/td><\/tr><tr><td>18<\/td><td>Setanta y cinco envistas ta l&#8217;esprito<\/td><td>Jes\u00fas Sierra<\/td><\/tr><tr><td>19<\/td><td>Borbollas a l&#8217;aire<\/td><td>Jos\u00e9 Mar\u00eda Satu\u00e9<\/td><\/tr><tr><td>EST01<\/td><td>Diccionario aragon\u00e9s-castellano<\/td><td>Fernando Romanos<\/td><\/tr><tr><td>EST02<\/td><td>A fabla de Moncayo<\/td><td>Dab\u00ed Lahiguera<\/td><\/tr><tr><td><s>EST03<\/s><\/td><td><s>Nuevas Voces de Arag\u00f3n<\/s> (descatalogado)<\/td><td><s>Brian Mott<\/s><\/td><\/tr><tr><td>EST04<\/td><td>Or\u00e9s, palabras en la memoria<\/td><td>\u00c1ngeles Otal<\/td><\/tr><tr><td>EST05<\/td><td>El habla de Azanuy<\/td><td>Brian Mott y Abel Ajates<\/td><\/tr><tr><td>EST06<\/td><td>Troncedo: aragon\u00e9s fovano. L\u00e9xico y gram\u00e1tica. (Pendiente)<\/td><td>Fernando Romanos Hernando<\/td><\/tr><tr><td>EST07<\/td><td>Estercuel, palabras con alma<\/td><td>\u00c1ngel R. Sancho Abella<\/td><\/tr><tr><td>EST08<\/td><td>Nuevas Voces de Arag\u00f3n. Segunda Edici\u00f3n<\/td><td>Brian Mott<\/td><\/tr><tr><td>ESP01<\/td><td>A escuchetes<\/td><td>Silvia Cebolla<\/td><\/tr><\/tbody><\/table><\/figure>\n","protected":false},"excerpt":{"rendered":"<p>Catalogo Busca entre as nuestras coleccions pa trobar los t\u00edtols que mas goyo te fagan. Narrativa Clasicos (traducci\u00f3n) Estudios Infantil Poes\u00eda Edicions especials TOZ OS TITOLS 1 Vida de Pedro Saputo Braulio Foz \/ Feliciano Mart\u00ednez Tur 2 Carasol aragon\u00e9s Jos\u00e9 Mar\u00eda Satu\u00e9 3 Alas de papel Gernika 1937 Fernando Romanos 4 Ucron\u00eda Dab\u00ed Lahiguera [&hellip;]<\/p>\n","protected":false},"author":1,"featured_media":0,"parent":29,"menu_order":1,"comment_status":"closed","ping_status":"closed","template":"","meta":{"footnotes":""},"class_list":["post-53","page","type-page","status-publish","hentry","post"],"_links":{"self":[{"href":"https:\/\/edicionstransiberiano.com\/index.php\/wp-json\/wp\/v2\/pages\/53"}],"collection":[{"href":"https:\/\/edicionstransiberiano.com\/index.php\/wp-json\/wp\/v2\/pages"}],"about":[{"href":"https:\/\/edicionstransiberiano.com\/index.php\/wp-json\/wp\/v2\/types\/page"}],"author":[{"embeddable":true,"href":"https:\/\/edicionstransiberiano.com\/index.php\/wp-json\/wp\/v2\/users\/1"}],"replies":[{"embeddable":true,"href":"https:\/\/edicionstransiberiano.com\/index.php\/wp-json\/wp\/v2\/comments?post=53"}],"version-history":[{"count":12,"href":"https:\/\/edicionstransiberiano.com\/index.php\/wp-json\/wp\/v2\/pages\/53\/revisions"}],"predecessor-version":[{"id":555,"href":"https:\/\/edicionstransiberiano.com\/index.php\/wp-json\/wp\/v2\/pages\/53\/revisions\/555"}],"up":[{"embeddable":true,"href":"https:\/\/edicionstransiberiano.com\/index.php\/wp-json\/wp\/v2\/pages\/29"}],"wp:attachment":[{"href":"https:\/\/edicionstransiberiano.com\/index.php\/wp-json\/wp\/v2\/media?parent=53"}],"curies":[{"name":"wp","href":"https:\/\/api.w.org\/{rel}","templated":true}]}}