{"id":428,"date":"2024-10-16T21:17:25","date_gmt":"2024-10-16T21:17:25","guid":{"rendered":"https:\/\/edicionstransiberiano.com\/?page_id=428"},"modified":"2025-01-27T19:03:43","modified_gmt":"2025-01-27T19:03:43","slug":"borbollas-a-laire","status":"publish","type":"page","link":"https:\/\/edicionstransiberiano.com\/index.php\/inicio\/catalogo\/canfranero-2\/borbollas-a-laire\/","title":{"rendered":"Borbollas a l&#8217;aire"},"content":{"rendered":"\n<div class=\"wp-block-columns is-layout-flex wp-container-core-columns-is-layout-1 wp-block-columns-is-layout-flex\">\n<div class=\"wp-block-column is-layout-flow wp-block-column-is-layout-flow\">\n<p>Autor: Jos\u00e9 Mar\u00eda Satu\u00e9 Sanrom\u00e1n<\/p>\n\n\n\n<p>ISBN: 978-84-129751-2-3<\/p>\n\n\n\n<div class=\"wp-block-buttons is-layout-flex wp-block-buttons-is-layout-flex\">\n<div class=\"wp-block-button\"><a class=\"wp-block-button__link wp-element-button\" href=\"https:\/\/www.todostuslibros.com\/libros\/borbollas-a-l-aire_978-84-129751-2-3\"><strong><mark style=\"background-color:rgba(0, 0, 0, 0)\" class=\"has-inline-color has-luminous-vivid-amber-color\">MERCAR<\/mark><\/strong><\/a><\/div>\n<\/div>\n\n\n\n<p>&#8212;&#8212;&#8212;&#8212;&#8212;&#8212;&#8212;&#8212;&#8212;&#8212;&#8212;&#8212;&#8212;&#8212;&#8212;&#8212;&#8212;-<\/p>\n\n\n\n<div class=\"wp-block-buttons is-layout-flex wp-block-buttons-is-layout-flex\">\n<div class=\"wp-block-button\"><a class=\"wp-block-button__link wp-element-button\" href=\"https:\/\/edicionstransiberiano.com\/index.php\/inicio\/catalogo\/canfranero-2\/\">Tornar ta Canfranero &gt;<\/a><\/div>\n<\/div>\n\n\n\n<p><strong>Descripci\u00f3n<\/strong> <kbd>\u25bc<\/kbd><\/p>\n\n\n\n<p><strong>Pachina d&#8217;eixemplo<\/strong> <kbd>\u25bc<\/kbd><\/p>\n<\/div>\n\n\n\n<div class=\"wp-block-column is-layout-flow wp-block-column-is-layout-flow\">\n<figure class=\"wp-block-image size-full is-resized\"><img loading=\"lazy\" decoding=\"async\" width=\"546\" height=\"813\" src=\"https:\/\/edicionstransiberiano.com\/wp-content\/uploads\/2024\/10\/borbollas.png\" alt=\"\" class=\"wp-image-429\" style=\"width:307px;height:373px\" srcset=\"https:\/\/edicionstransiberiano.com\/wp-content\/uploads\/2024\/10\/borbollas.png 546w, https:\/\/edicionstransiberiano.com\/wp-content\/uploads\/2024\/10\/borbollas-201x300.png 201w\" sizes=\"(max-width: 546px) 100vw, 546px\" \/><\/figure>\n<\/div>\n<\/div>\n\n\n\n<p><strong>Descripci\u00f3n<\/strong><\/p>\n\n\n\n<p>En este libro, Jos\u00e9 Mar\u00eda Satu\u00e9 nos regala una colecci\u00f3n de cuentez protagonizaus per animalez, que viene a enriquir la literatura infantil en esta luenga nuestra. Lo texto se divide en dos partes. La primera parte, ye titulada \u201cO reino d\u2019as rabosas\u201d. Baixo este t\u00edtol, con que Jos\u00e9 Mar\u00eda fa referencia a lo paisache d\u2019a suya infancia, vinti\u00fan relatos dibuixan la vida d\u2019un rabosero que l\u2019autor sit\u00faa en o Barranc\u00f3n de Francia, en o suyo Escart\u00edn natal. Las protagonistas son las rabosas, pero tami\u00e9n se i asoman cans, gatos, cuervos, vueitres, gallinas, conellos, corderez y humanos. Las rabosas, con nombres como Mandam\u00e1s, Tofalluda, Coixa, Roya, Mallada u Fendida, tienen diferents papers en o rabosero y lo suyo car\u00e1cter mescla las caracteristicas que se gosa atribuyir a las rabosas chunto con atros atributos humanos. En a segunda parte, \u201cPinp\u00edn, o picapins\u201d, podemos leyer las peripecias d\u2019una familia de picapins y la comunidat d\u2019animals d\u2019o fabar an viven, que s\u2019aduyan mutuament cuan i hai dificultaz, periglos u necesidaz.&nbsp;<\/p>\n\n\n\n<div class=\"wp-block-columns is-layout-flex wp-container-core-columns-is-layout-2 wp-block-columns-is-layout-flex\">\n<div class=\"wp-block-column is-layout-flow wp-block-column-is-layout-flow\"><\/div>\n\n\n\n<div class=\"wp-block-column is-layout-flow wp-block-column-is-layout-flow\" style=\"flex-basis:66.66%\">\n<p><strong>Pachina d&#8217;eixemplo<\/strong><\/p>\n\n\n<\/div>\n\n\n\n<div class=\"wp-block-column is-layout-flow wp-block-column-is-layout-flow\" style=\"flex-basis:33.33%\"><\/div>\n<\/div>\n\n\n\n<div class=\"wp-block-buttons is-layout-flex wp-block-buttons-is-layout-flex\">\n<div class=\"wp-block-button\"><a class=\"wp-block-button__link wp-element-button\" href=\"https:\/\/www.todostuslibros.com\/libros\/borbollas-a-l-aire_978-84-129751-2-3\"><strong><mark style=\"background-color:rgba(0, 0, 0, 0)\" class=\"has-inline-color has-luminous-vivid-amber-color\">MERCAR<\/mark><\/strong><\/a><\/div>\n\n\n\n<div class=\"wp-block-button\"><a class=\"wp-block-button__link wp-element-button\" href=\"https:\/\/edicionstransiberiano.com\/index.php\/inicio\/catalogo\/canfranero-2\/\">Tornar ta Canfranero &gt;<\/a><\/div>\n<\/div>\n\n\n\n<p><\/p>\n","protected":false},"excerpt":{"rendered":"<p>Autor: Jos\u00e9 Mar\u00eda Satu\u00e9 Sanrom\u00e1n ISBN: 978-84-129751-2-3 &#8212;&#8212;&#8212;&#8212;&#8212;&#8212;&#8212;&#8212;&#8212;&#8212;&#8212;&#8212;&#8212;&#8212;&#8212;&#8212;&#8212;- Descripci\u00f3n \u25bc Pachina d&#8217;eixemplo \u25bc Descripci\u00f3n En este libro, Jos\u00e9 Mar\u00eda Satu\u00e9 nos regala una colecci\u00f3n de cuentez protagonizaus per animalez, que viene a enriquir la literatura infantil en esta luenga nuestra. Lo texto se divide en dos partes. La primera parte, ye titulada \u201cO reino d\u2019as [&hellip;]<\/p>\n","protected":false},"author":1,"featured_media":0,"parent":70,"menu_order":0,"comment_status":"closed","ping_status":"closed","template":"","meta":{"footnotes":""},"class_list":["post-428","page","type-page","status-publish","hentry","post"],"_links":{"self":[{"href":"https:\/\/edicionstransiberiano.com\/index.php\/wp-json\/wp\/v2\/pages\/428"}],"collection":[{"href":"https:\/\/edicionstransiberiano.com\/index.php\/wp-json\/wp\/v2\/pages"}],"about":[{"href":"https:\/\/edicionstransiberiano.com\/index.php\/wp-json\/wp\/v2\/types\/page"}],"author":[{"embeddable":true,"href":"https:\/\/edicionstransiberiano.com\/index.php\/wp-json\/wp\/v2\/users\/1"}],"replies":[{"embeddable":true,"href":"https:\/\/edicionstransiberiano.com\/index.php\/wp-json\/wp\/v2\/comments?post=428"}],"version-history":[{"count":6,"href":"https:\/\/edicionstransiberiano.com\/index.php\/wp-json\/wp\/v2\/pages\/428\/revisions"}],"predecessor-version":[{"id":634,"href":"https:\/\/edicionstransiberiano.com\/index.php\/wp-json\/wp\/v2\/pages\/428\/revisions\/634"}],"up":[{"embeddable":true,"href":"https:\/\/edicionstransiberiano.com\/index.php\/wp-json\/wp\/v2\/pages\/70"}],"wp:attachment":[{"href":"https:\/\/edicionstransiberiano.com\/index.php\/wp-json\/wp\/v2\/media?parent=428"}],"curies":[{"name":"wp","href":"https:\/\/api.w.org\/{rel}","templated":true}]}}