{"id":324,"date":"2023-10-14T15:41:24","date_gmt":"2023-10-14T15:41:24","guid":{"rendered":"https:\/\/edicionstransiberiano.com\/?page_id=324"},"modified":"2025-06-21T08:03:44","modified_gmt":"2025-06-21T08:03:44","slug":"botiga","status":"publish","type":"page","link":"https:\/\/edicionstransiberiano.com\/index.php\/inicio\/botiga\/","title":{"rendered":"Botiga"},"content":{"rendered":"\n<p class=\"has-text-align-center has-x-large-font-size\"><strong>Botiga<\/strong><\/p>\n\n\n\n<div class=\"wp-block-columns is-layout-flex wp-container-core-columns-is-layout-1 wp-block-columns-is-layout-flex\">\n<div class=\"wp-block-column is-layout-flow wp-block-column-is-layout-flow\">\n<figure class=\"wp-block-image size-full\"><a href=\"https:\/\/www.lapanterarossa.net\/tienda-online\"><img loading=\"lazy\" decoding=\"async\" width=\"340\" height=\"59\" src=\"https:\/\/edicionstransiberiano.com\/wp-content\/uploads\/2023\/10\/panterarossa-1.png\" alt=\"\" class=\"wp-image-326\" srcset=\"https:\/\/edicionstransiberiano.com\/wp-content\/uploads\/2023\/10\/panterarossa-1.png 340w, https:\/\/edicionstransiberiano.com\/wp-content\/uploads\/2023\/10\/panterarossa-1-300x52.png 300w\" sizes=\"(max-width: 340px) 100vw, 340px\" \/><\/a><\/figure>\n\n\n\n<p class=\"has-text-align-center\"><strong><a href=\"https:\/\/www.lapanterarossa.net\/tienda-online\">Crompa online<\/a><\/strong><\/p>\n<\/div>\n\n\n\n<div class=\"wp-block-column is-layout-flow wp-block-column-is-layout-flow\">\n<figure class=\"wp-block-image size-full is-resized\"><img loading=\"lazy\" decoding=\"async\" width=\"275\" height=\"102\" src=\"https:\/\/edicionstransiberiano.com\/wp-content\/uploads\/2023\/10\/libreriaparis.png\" alt=\"\" class=\"wp-image-331\" style=\"width:233px;height:auto\" srcset=\"https:\/\/edicionstransiberiano.com\/wp-content\/uploads\/2023\/10\/libreriaparis.png 275w, https:\/\/edicionstransiberiano.com\/wp-content\/uploads\/2023\/10\/libreriaparis-272x102.png 272w\" sizes=\"(max-width: 275px) 100vw, 275px\" \/><\/figure>\n\n\n\n<p class=\"has-text-align-center\"><a href=\"https:\/\/www.libreriaparis.com\/\"><strong>Crompa online<\/strong><\/a><\/p>\n<\/div>\n\n\n\n<div class=\"wp-block-column is-layout-flow wp-block-column-is-layout-flow\"><div class=\"wp-block-image\">\n<figure class=\"aligncenter size-full is-resized\"><img loading=\"lazy\" decoding=\"async\" width=\"184\" height=\"153\" src=\"https:\/\/edicionstransiberiano.com\/wp-content\/uploads\/2025\/06\/ttl.png\" alt=\"\" class=\"wp-image-759\" style=\"width:97px;height:auto\"\/><\/figure><\/div>\n\n\n<p class=\"has-text-align-center\"><a href=\"https:\/\/www.todostuslibros.com\/busquedas?editorial=Edicions%20Transiberiano\">Crompa online<\/a><\/p>\n<\/div>\n<\/div>\n\n\n\n<p class=\"has-text-align-center\"><mark style=\"background-color:#abb8c3\" class=\"has-inline-color has-vivid-red-color\">Tami\u00e9n puedes conseguir eixemplars en os siguients puestos fisicos<\/mark><\/p>\n\n\n\n<div class=\"wp-block-columns is-layout-flex wp-container-core-columns-is-layout-2 wp-block-columns-is-layout-flex\">\n<div class=\"wp-block-column is-layout-flow wp-block-column-is-layout-flow\"><div class=\"wp-block-image\">\n<figure class=\"aligncenter size-full\"><a href=\"https:\/\/www.lapanterarossa.net\/tienda-online\"><img loading=\"lazy\" decoding=\"async\" width=\"352\" height=\"117\" src=\"https:\/\/edicionstransiberiano.com\/wp-content\/uploads\/2023\/10\/panterarossa-4.png\" alt=\"\" class=\"wp-image-335\" srcset=\"https:\/\/edicionstransiberiano.com\/wp-content\/uploads\/2023\/10\/panterarossa-4.png 352w, https:\/\/edicionstransiberiano.com\/wp-content\/uploads\/2023\/10\/panterarossa-4-300x100.png 300w\" sizes=\"(max-width: 352px) 100vw, 352px\" \/><\/a><\/figure><\/div>\n\n\n<p class=\"has-text-align-center\"><strong>La Pantera Rossa<\/strong><\/p>\n\n\n\n<blockquote class=\"wp-block-quote is-layout-flow wp-block-quote-is-layout-flow\">\n<ul class=\"wp-block-list\">\n<li>San Vicente de Pa\u00fal 28<\/li>\n\n\n\n<li>50001 Zaragoza<\/li>\n\n\n\n<li>Lunes-s\u00e1bado: 10:00-14:00 y 17:00 -21:00<\/li>\n\n\n\n<li><a href=\"https:\/\/maps.app.goo.gl\/2GwNCGeHwtTLqchU6\">Aqu\u00ed <\/a><\/li>\n<\/ul>\n<\/blockquote>\n<\/div>\n\n\n\n<div class=\"wp-block-column is-layout-flow wp-block-column-is-layout-flow\"><div class=\"wp-block-image\">\n<figure class=\"aligncenter size-full is-resized\"><img loading=\"lazy\" decoding=\"async\" width=\"600\" height=\"299\" src=\"https:\/\/edicionstransiberiano.com\/wp-content\/uploads\/2023\/10\/nogara-1.png\" alt=\"\" class=\"wp-image-339\" style=\"width:227px;height:113px\" srcset=\"https:\/\/edicionstransiberiano.com\/wp-content\/uploads\/2023\/10\/nogara-1.png 600w, https:\/\/edicionstransiberiano.com\/wp-content\/uploads\/2023\/10\/nogara-1-300x150.png 300w\" sizes=\"(max-width: 600px) 100vw, 600px\" \/><\/figure><\/div>\n\n\n<p class=\"has-text-align-center\"><strong>Asociaci\u00f3n Cultural Nogar\u00e1-Religada<\/strong><\/p>\n\n\n\n<ul class=\"wp-block-list\">\n<li>Plaza Asso s\/n,<\/li>\n\n\n\n<li>50001 Zaragoza<\/li>\n\n\n\n<li>Luns &#8211; Viernes: 17:00-22:00<\/li>\n\n\n\n<li><a href=\"https:\/\/maps.app.goo.gl\/iVZpbY1xQnAcBSQ29\">Aqu\u00ed<\/a><\/li>\n<\/ul>\n<\/div>\n<\/div>\n\n\n\n<div class=\"wp-block-columns is-layout-flex wp-container-core-columns-is-layout-3 wp-block-columns-is-layout-flex\">\n<div class=\"wp-block-column is-layout-flow wp-block-column-is-layout-flow\"><div class=\"wp-block-image\">\n<figure class=\"aligncenter size-full\"><a href=\"https:\/\/www.libreriaparis.com\/\"><img loading=\"lazy\" decoding=\"async\" width=\"275\" height=\"102\" src=\"https:\/\/edicionstransiberiano.com\/wp-content\/uploads\/2023\/10\/libreriaparis.png\" alt=\"\" class=\"wp-image-331\" srcset=\"https:\/\/edicionstransiberiano.com\/wp-content\/uploads\/2023\/10\/libreriaparis.png 275w, https:\/\/edicionstransiberiano.com\/wp-content\/uploads\/2023\/10\/libreriaparis-272x102.png 272w\" sizes=\"(max-width: 275px) 100vw, 275px\" \/><\/a><\/figure><\/div>\n\n\n<p class=\"has-text-align-center\"><strong>Librer\u00eda Par\u00eds<\/strong><\/p>\n\n\n\n<blockquote class=\"wp-block-quote is-layout-flow wp-block-quote-is-layout-flow\">\n<ul class=\"wp-block-list\">\n<li>Paseo Fernando el Cat\u00f3lico, 24 Dpdo<\/li>\n\n\n\n<li>50009 Zaragoza<\/li>\n\n\n\n<li>Lunes-viernes:  9:30-13:30 y 17:00-20:30<\/li>\n\n\n\n<li>S\u00e1bados: 10:00-14:00<\/li>\n\n\n\n<li><a href=\"https:\/\/maps.app.goo.gl\/YUnBY5Dbcv1XZifo6\">Aqu\u00ed<\/a><a href=\"https:\/\/maps.app.goo.gl\/2GwNCGeHwtTLqchU6\"> <\/a><\/li>\n<\/ul>\n<\/blockquote>\n<\/div>\n\n\n\n<div class=\"wp-block-column is-layout-flow wp-block-column-is-layout-flow\"><div class=\"wp-block-image\">\n<figure class=\"aligncenter size-full is-resized\"><img loading=\"lazy\" decoding=\"async\" width=\"359\" height=\"182\" src=\"https:\/\/edicionstransiberiano.com\/wp-content\/uploads\/2025\/06\/libreriaanonima.png\" alt=\"\" class=\"wp-image-756\" style=\"width:195px;height:auto\" srcset=\"https:\/\/edicionstransiberiano.com\/wp-content\/uploads\/2025\/06\/libreriaanonima.png 359w, https:\/\/edicionstransiberiano.com\/wp-content\/uploads\/2025\/06\/libreriaanonima-300x152.png 300w\" sizes=\"(max-width: 359px) 100vw, 359px\" \/><\/figure><\/div>\n\n\n<p class=\"has-text-align-center\"><strong>Librer\u00eda an\u00f3nima<\/strong><\/p>\n\n\n\n<ul class=\"wp-block-list\">\n<li>C\/ Cabestany, 19 <\/li>\n\n\n\n<li>22005 Uesca<\/li>\n\n\n\n<li>Luns-viernes 9:30-13:30 y 17:00-20:00<\/li>\n\n\n\n<li>Sabados: 10:00-13:30<\/li>\n\n\n\n<li>[+34] 974 244 758<\/li>\n\n\n\n<li>info@libreriaanonima.es<\/li>\n\n\n\n<li><a href=\"https:\/\/maps.app.goo.gl\/2f4NSs1WQe52MR7h7\">Aqu\u00ed<\/a><\/li>\n<\/ul>\n<\/div>\n<\/div>\n","protected":false},"excerpt":{"rendered":"<p>Botiga Crompa online Crompa online Crompa online Tami\u00e9n puedes conseguir eixemplars en os siguients puestos fisicos La Pantera Rossa Asociaci\u00f3n Cultural Nogar\u00e1-Religada Librer\u00eda Par\u00eds Librer\u00eda an\u00f3nima<\/p>\n","protected":false},"author":1,"featured_media":0,"parent":29,"menu_order":1,"comment_status":"closed","ping_status":"closed","template":"","meta":{"footnotes":""},"class_list":["post-324","page","type-page","status-publish","hentry","post"],"_links":{"self":[{"href":"https:\/\/edicionstransiberiano.com\/index.php\/wp-json\/wp\/v2\/pages\/324"}],"collection":[{"href":"https:\/\/edicionstransiberiano.com\/index.php\/wp-json\/wp\/v2\/pages"}],"about":[{"href":"https:\/\/edicionstransiberiano.com\/index.php\/wp-json\/wp\/v2\/types\/page"}],"author":[{"embeddable":true,"href":"https:\/\/edicionstransiberiano.com\/index.php\/wp-json\/wp\/v2\/users\/1"}],"replies":[{"embeddable":true,"href":"https:\/\/edicionstransiberiano.com\/index.php\/wp-json\/wp\/v2\/comments?post=324"}],"version-history":[{"count":9,"href":"https:\/\/edicionstransiberiano.com\/index.php\/wp-json\/wp\/v2\/pages\/324\/revisions"}],"predecessor-version":[{"id":762,"href":"https:\/\/edicionstransiberiano.com\/index.php\/wp-json\/wp\/v2\/pages\/324\/revisions\/762"}],"up":[{"embeddable":true,"href":"https:\/\/edicionstransiberiano.com\/index.php\/wp-json\/wp\/v2\/pages\/29"}],"wp:attachment":[{"href":"https:\/\/edicionstransiberiano.com\/index.php\/wp-json\/wp\/v2\/media?parent=324"}],"curies":[{"name":"wp","href":"https:\/\/api.w.org\/{rel}","templated":true}]}}