{"id":316,"date":"2023-09-14T21:24:43","date_gmt":"2023-09-14T21:24:43","guid":{"rendered":"https:\/\/edicionstransiberiano.com\/?page_id=316"},"modified":"2025-01-20T18:08:15","modified_gmt":"2025-01-20T18:08:15","slug":"a-fabla-de-moncayo-estudio-comparativo-con-a-lengua-aragonesa","status":"publish","type":"page","link":"https:\/\/edicionstransiberiano.com\/index.php\/inicio\/catalogo\/selgua-2\/a-fabla-de-moncayo-estudio-comparativo-con-a-lengua-aragonesa\/","title":{"rendered":"A fabla de Moncayo. Estudio comparativo con a lengua aragonesa."},"content":{"rendered":"\n<div class=\"wp-block-columns is-layout-flex wp-container-core-columns-is-layout-1 wp-block-columns-is-layout-flex\">\n<div class=\"wp-block-column is-layout-flow wp-block-column-is-layout-flow\">\n<p>Autor: Dabi Lahiguera Albericio<\/p>\n\n\n\n<p>ISBN: 978-84-129751-4-7<\/p>\n\n\n\n<div class=\"wp-block-buttons is-layout-flex wp-block-buttons-is-layout-flex\">\n<div class=\"wp-block-button\"><a class=\"wp-block-button__link wp-element-button\" href=\"https:\/\/www.todostuslibros.com\/libros\/a-fabla-de-moncayo_978-84-129751-4-7\"><strong><mark style=\"background-color:rgba(0, 0, 0, 0)\" class=\"has-inline-color has-luminous-vivid-amber-color\">MERCAR<\/mark><\/strong><\/a><\/div>\n<\/div>\n\n\n\n<p>&#8212;&#8212;&#8212;&#8212;&#8212;&#8212;&#8212;&#8212;&#8212;&#8212;&#8212;&#8212;&#8212;&#8212;&#8211;<\/p>\n\n\n\n<div class=\"wp-block-buttons is-layout-flex wp-block-buttons-is-layout-flex\">\n<div class=\"wp-block-button\"><a class=\"wp-block-button__link wp-element-button\" href=\"https:\/\/edicionstransiberiano.com\/index.php\/inicio\/catalogo\/selgua-2\/\">Tornar ta Selgua &gt;<\/a><\/div>\n<\/div>\n\n\n\n<p><strong>Descripci\u00f3n<\/strong> <kbd>\u25bc<\/kbd><\/p>\n\n\n\n<p><strong>Pachina d\u2019eixemplo<\/strong> <kbd>\u25bc<\/kbd><\/p>\n<\/div>\n\n\n\n<div class=\"wp-block-column is-layout-flow wp-block-column-is-layout-flow\">\n<figure class=\"wp-block-image size-full is-resized\"><img loading=\"lazy\" decoding=\"async\" width=\"800\" height=\"600\" src=\"https:\/\/edicionstransiberiano.com\/wp-content\/uploads\/2023\/09\/EST-A-Fabla-de-moncayo2.jpg\" alt=\"\" class=\"wp-image-126\" style=\"aspect-ratio:1.3322259136212624;width:455px;height:auto\" srcset=\"https:\/\/edicionstransiberiano.com\/wp-content\/uploads\/2023\/09\/EST-A-Fabla-de-moncayo2.jpg 800w, https:\/\/edicionstransiberiano.com\/wp-content\/uploads\/2023\/09\/EST-A-Fabla-de-moncayo2-300x225.jpg 300w, https:\/\/edicionstransiberiano.com\/wp-content\/uploads\/2023\/09\/EST-A-Fabla-de-moncayo2-768x576.jpg 768w\" sizes=\"(max-width: 800px) 100vw, 800px\" \/><\/figure>\n<\/div>\n<\/div>\n\n\n\n<div class=\"wp-block-columns is-layout-flex wp-container-core-columns-is-layout-2 wp-block-columns-is-layout-flex\">\n<div class=\"wp-block-column is-layout-flow wp-block-column-is-layout-flow\" style=\"flex-basis:66.66%\">\n<p><strong>Descripci\u00f3n<\/strong><\/p>\n\n\n\n<p>En este treballo se mira d&#8217;analisar a realidat ling\u00fcistica d&#8217;a comarca de Moncayo en comparaci\u00f3n con a lengua historica d&#8217;Arag\u00f3n, l&#8217;aragon\u00e9s, asinas como mirar de describir con datos empiricos y documentals, o proceso de sustituci\u00f3n ling\u00fcistica de manera cualitativa y tami\u00e9n cuantitativa a travi\u00e9s de modelos estatisticos.<\/p>\n\n\n\n<p><strong>Pachina d\u2019eixemplo<\/strong><\/p>\n\n\n\n<figure class=\"wp-block-image size-large\"><img loading=\"lazy\" decoding=\"async\" width=\"672\" height=\"1024\" src=\"https:\/\/edicionstransiberiano.com\/wp-content\/uploads\/2025\/01\/fablamoncayo-672x1024.jpg\" alt=\"\" class=\"wp-image-576\" srcset=\"https:\/\/edicionstransiberiano.com\/wp-content\/uploads\/2025\/01\/fablamoncayo-672x1024.jpg 672w, https:\/\/edicionstransiberiano.com\/wp-content\/uploads\/2025\/01\/fablamoncayo-197x300.jpg 197w, https:\/\/edicionstransiberiano.com\/wp-content\/uploads\/2025\/01\/fablamoncayo-768x1170.jpg 768w, https:\/\/edicionstransiberiano.com\/wp-content\/uploads\/2025\/01\/fablamoncayo-1008x1536.jpg 1008w, https:\/\/edicionstransiberiano.com\/wp-content\/uploads\/2025\/01\/fablamoncayo-1344x2048.jpg 1344w, https:\/\/edicionstransiberiano.com\/wp-content\/uploads\/2025\/01\/fablamoncayo-scaled.jpg 1681w\" sizes=\"(max-width: 672px) 100vw, 672px\" \/><\/figure>\n<\/div>\n<\/div>\n\n\n\n<div class=\"wp-block-buttons is-layout-flex wp-block-buttons-is-layout-flex\">\n<div class=\"wp-block-button\"><a class=\"wp-block-button__link wp-element-button\" href=\"https:\/\/www.todostuslibros.com\/libros\/a-fabla-de-moncayo_978-84-129751-4-7\"><strong><mark style=\"background-color:rgba(0, 0, 0, 0)\" class=\"has-inline-color has-luminous-vivid-amber-color\">MERCAR<\/mark><\/strong><\/a><\/div>\n\n\n\n<div class=\"wp-block-button\"><a class=\"wp-block-button__link wp-element-button\" href=\"https:\/\/edicionstransiberiano.com\/index.php\/inicio\/catalogo\/selgua-2\/\">Tornar ta Selgua &gt;<\/a><\/div>\n<\/div>\n\n\n\n<p><\/p>\n","protected":false},"excerpt":{"rendered":"<p>Autor: Dabi Lahiguera Albericio ISBN: 978-84-129751-4-7 &#8212;&#8212;&#8212;&#8212;&#8212;&#8212;&#8212;&#8212;&#8212;&#8212;&#8212;&#8212;&#8212;&#8212;&#8211; Descripci\u00f3n \u25bc Pachina d\u2019eixemplo \u25bc Descripci\u00f3n En este treballo se mira d&#8217;analisar a realidat ling\u00fcistica d&#8217;a comarca de Moncayo en comparaci\u00f3n con a lengua historica d&#8217;Arag\u00f3n, l&#8217;aragon\u00e9s, asinas como mirar de describir con datos empiricos y documentals, o proceso de sustituci\u00f3n ling\u00fcistica de manera cualitativa y tami\u00e9n cuantitativa [&hellip;]<\/p>\n","protected":false},"author":1,"featured_media":0,"parent":124,"menu_order":0,"comment_status":"closed","ping_status":"closed","template":"","meta":{"footnotes":""},"class_list":["post-316","page","type-page","status-publish","hentry","post"],"_links":{"self":[{"href":"https:\/\/edicionstransiberiano.com\/index.php\/wp-json\/wp\/v2\/pages\/316"}],"collection":[{"href":"https:\/\/edicionstransiberiano.com\/index.php\/wp-json\/wp\/v2\/pages"}],"about":[{"href":"https:\/\/edicionstransiberiano.com\/index.php\/wp-json\/wp\/v2\/types\/page"}],"author":[{"embeddable":true,"href":"https:\/\/edicionstransiberiano.com\/index.php\/wp-json\/wp\/v2\/users\/1"}],"replies":[{"embeddable":true,"href":"https:\/\/edicionstransiberiano.com\/index.php\/wp-json\/wp\/v2\/comments?post=316"}],"version-history":[{"count":4,"href":"https:\/\/edicionstransiberiano.com\/index.php\/wp-json\/wp\/v2\/pages\/316\/revisions"}],"predecessor-version":[{"id":577,"href":"https:\/\/edicionstransiberiano.com\/index.php\/wp-json\/wp\/v2\/pages\/316\/revisions\/577"}],"up":[{"embeddable":true,"href":"https:\/\/edicionstransiberiano.com\/index.php\/wp-json\/wp\/v2\/pages\/124"}],"wp:attachment":[{"href":"https:\/\/edicionstransiberiano.com\/index.php\/wp-json\/wp\/v2\/media?parent=316"}],"curies":[{"name":"wp","href":"https:\/\/api.w.org\/{rel}","templated":true}]}}