{"id":308,"date":"2023-09-14T21:09:21","date_gmt":"2023-09-14T21:09:21","guid":{"rendered":"https:\/\/edicionstransiberiano.com\/?page_id=308"},"modified":"2025-02-02T13:38:43","modified_gmt":"2025-02-02T13:38:43","slug":"as-aventuras-do-caballero-tirant","status":"publish","type":"page","link":"https:\/\/edicionstransiberiano.com\/index.php\/inicio\/catalogo\/tarazonica-2\/as-aventuras-do-caballero-tirant\/","title":{"rendered":"As aventuras d&#8217;o Caballero Tirant."},"content":{"rendered":"\n<div class=\"wp-block-columns is-layout-flex wp-container-core-columns-is-layout-1 wp-block-columns-is-layout-flex\">\n<div class=\"wp-block-column is-layout-flow wp-block-column-is-layout-flow\">\n<p>Autor: Bernat Joan i Mar\u00ed (Traductor: Feliciano Mart\u00ednez Tur)<\/p>\n\n\n\n<p>ISBN: 978-84-129887-8-9 <\/p>\n\n\n\n<div class=\"wp-block-buttons is-layout-flex wp-block-buttons-is-layout-flex\">\n<div class=\"wp-block-button\"><a class=\"wp-block-button__link wp-element-button\" href=\"https:\/\/www.todostuslibros.com\/libros\/as-aventruras-d-o-caballero-tirant_978-84-129887-8-9\"><strong><mark style=\"background-color:rgba(0, 0, 0, 0)\" class=\"has-inline-color has-luminous-vivid-amber-color\">MERCAR<\/mark><\/strong><\/a><\/div>\n<\/div>\n\n\n\n<p>&#8212;&#8212;&#8212;&#8212;&#8212;&#8212;&#8212;&#8212;&#8212;&#8212;&#8212;&#8212;&#8212;&#8212;&#8212;&#8212;&#8212;<\/p>\n\n\n\n<div class=\"wp-block-buttons is-layout-flex wp-block-buttons-is-layout-flex\">\n<div class=\"wp-block-button\"><a class=\"wp-block-button__link wp-element-button\" href=\"https:\/\/edicionstransiberiano.com\/index.php\/inicio\/catalogo\/tarazonica-2\/\">Tornar ta Tarazonica &gt;<\/a><\/div>\n<\/div>\n\n\n\n<p><strong>Descripci\u00f3n<\/strong> <kbd>\u25bc<\/kbd><\/p>\n\n\n\n<p><strong>Pachina d\u2019eixemplo<\/strong> <kbd>\u25bc<\/kbd><\/p>\n<\/div>\n\n\n\n<div class=\"wp-block-column is-layout-flow wp-block-column-is-layout-flow\">\n<figure class=\"wp-block-image size-full is-resized\"><img loading=\"lazy\" decoding=\"async\" width=\"469\" height=\"558\" src=\"https:\/\/edicionstransiberiano.com\/wp-content\/uploads\/2023\/09\/08-Tirant-lo-blanco.png\" alt=\"\" class=\"wp-image-163\" style=\"width:401px;height:auto\" srcset=\"https:\/\/edicionstransiberiano.com\/wp-content\/uploads\/2023\/09\/08-Tirant-lo-blanco.png 469w, https:\/\/edicionstransiberiano.com\/wp-content\/uploads\/2023\/09\/08-Tirant-lo-blanco-252x300.png 252w\" sizes=\"(max-width: 469px) 100vw, 469px\" \/><\/figure>\n<\/div>\n<\/div>\n\n\n\n<p><strong>Descripci\u00f3n<\/strong> <\/p>\n\n\n\n<p>En a novela se relata c\u00f3mo Tirant, dimpu\u00e9s de remanir un tiempo en Inglaterra, an s&#8217;adiestra como caballero, torna a Bretanya. Acompanyau d&#8217;o fillo d&#8217;o rei de Francia, decide contrarrestar l&#8217;asedio que sufre la isla de Rodas d&#8217;os chenoveses y d&#8217;o sult\u00e1n d&#8217;o Caire. Tirant vence tami\u00e9n a los turcos, que han invadiu Constantinoble, domina lo norte d&#8217;Africa y Persia, se casa con Carmesina, filla de l&#8217;emperador, y ye nombrau C\u00e9sar de l&#8217;Imperio. Muere cuan torna a Constantinoble dimpu\u00e9s d&#8217;una d&#8217;as suyas interpresas. Martorell plasmaba asinas lo deseyo arraigado en toz los lugars cristianos d&#8217;o suyo tiempo de liberar Constantinoble d&#8217;o poder d&#8217;os turcos.<\/p>\n\n\n\n<p><strong>Pachina d\u2019eixemplo<\/strong><\/p>\n\n\n\n\n\n<div class=\"wp-block-buttons is-layout-flex wp-block-buttons-is-layout-flex\">\n<div class=\"wp-block-button\"><a class=\"wp-block-button__link wp-element-button\" href=\"https:\/\/www.todostuslibros.com\/libros\/as-aventruras-d-o-caballero-tirant_978-84-129887-8-9\"><strong><mark style=\"background-color:rgba(0, 0, 0, 0)\" class=\"has-inline-color has-luminous-vivid-amber-color\">MERCAR<\/mark><\/strong><\/a><\/div>\n\n\n\n<div class=\"wp-block-button\"><a class=\"wp-block-button__link wp-element-button\" href=\"https:\/\/edicionstransiberiano.com\/index.php\/inicio\/catalogo\/tarazonica-2\/\">Tornar ta Tarazonica &gt;<\/a><\/div>\n<\/div>\n","protected":false},"excerpt":{"rendered":"<p>Autor: Bernat Joan i Mar\u00ed (Traductor: Feliciano Mart\u00ednez Tur) ISBN: 978-84-129887-8-9 &#8212;&#8212;&#8212;&#8212;&#8212;&#8212;&#8212;&#8212;&#8212;&#8212;&#8212;&#8212;&#8212;&#8212;&#8212;&#8212;&#8212; Descripci\u00f3n \u25bc Pachina d\u2019eixemplo \u25bc Descripci\u00f3n En a novela se relata c\u00f3mo Tirant, dimpu\u00e9s de remanir un tiempo en Inglaterra, an s&#8217;adiestra como caballero, torna a Bretanya. Acompanyau d&#8217;o fillo d&#8217;o rei de Francia, decide contrarrestar l&#8217;asedio que sufre la isla de Rodas [&hellip;]<\/p>\n","protected":false},"author":1,"featured_media":0,"parent":130,"menu_order":0,"comment_status":"closed","ping_status":"closed","template":"","meta":{"footnotes":""},"class_list":["post-308","page","type-page","status-publish","hentry","post"],"_links":{"self":[{"href":"https:\/\/edicionstransiberiano.com\/index.php\/wp-json\/wp\/v2\/pages\/308"}],"collection":[{"href":"https:\/\/edicionstransiberiano.com\/index.php\/wp-json\/wp\/v2\/pages"}],"about":[{"href":"https:\/\/edicionstransiberiano.com\/index.php\/wp-json\/wp\/v2\/types\/page"}],"author":[{"embeddable":true,"href":"https:\/\/edicionstransiberiano.com\/index.php\/wp-json\/wp\/v2\/users\/1"}],"replies":[{"embeddable":true,"href":"https:\/\/edicionstransiberiano.com\/index.php\/wp-json\/wp\/v2\/comments?post=308"}],"version-history":[{"count":4,"href":"https:\/\/edicionstransiberiano.com\/index.php\/wp-json\/wp\/v2\/pages\/308\/revisions"}],"predecessor-version":[{"id":676,"href":"https:\/\/edicionstransiberiano.com\/index.php\/wp-json\/wp\/v2\/pages\/308\/revisions\/676"}],"up":[{"embeddable":true,"href":"https:\/\/edicionstransiberiano.com\/index.php\/wp-json\/wp\/v2\/pages\/130"}],"wp:attachment":[{"href":"https:\/\/edicionstransiberiano.com\/index.php\/wp-json\/wp\/v2\/media?parent=308"}],"curies":[{"name":"wp","href":"https:\/\/api.w.org\/{rel}","templated":true}]}}