{"id":300,"date":"2023-09-14T21:01:39","date_gmt":"2023-09-14T21:01:39","guid":{"rendered":"https:\/\/edicionstransiberiano.com\/?page_id=300"},"modified":"2025-01-31T17:45:19","modified_gmt":"2025-01-31T17:45:19","slug":"nabar","status":"publish","type":"page","link":"https:\/\/edicionstransiberiano.com\/index.php\/inicio\/catalogo\/tarazonica-2\/nabar\/","title":{"rendered":"Nabar. Cuentos d&#8217;o mundo."},"content":{"rendered":"\n<div class=\"wp-block-columns is-layout-flex wp-container-core-columns-is-layout-1 wp-block-columns-is-layout-flex\">\n<div class=\"wp-block-column is-layout-flow wp-block-column-is-layout-flow\">\n<p>Autor: Koldo Izagirre Urreaga (Traductor: Dabi Lahiguera Albericio)<\/p>\n\n\n\n<p>ISBN: 978-84-129887-7-2<\/p>\n\n\n\n<div class=\"wp-block-buttons is-layout-flex wp-block-buttons-is-layout-flex\">\n<div class=\"wp-block-button\"><a class=\"wp-block-button__link wp-element-button\" href=\"https:\/\/www.todostuslibros.com\/libros\/nabar_978-84-129887-7-2\"><strong><mark style=\"background-color:rgba(0, 0, 0, 0)\" class=\"has-inline-color has-luminous-vivid-amber-color\">MERCAR<\/mark><\/strong><\/a><\/div>\n<\/div>\n\n\n\n<p>&#8212;&#8212;&#8212;&#8212;&#8212;&#8212;&#8212;&#8212;&#8212;&#8212;&#8212;&#8212;&#8212;&#8212;<\/p>\n\n\n\n<div class=\"wp-block-buttons is-layout-flex wp-block-buttons-is-layout-flex\">\n<div class=\"wp-block-button\"><a class=\"wp-block-button__link wp-element-button\" href=\"https:\/\/edicionstransiberiano.com\/index.php\/inicio\/catalogo\/tarazonica-2\/\">Tornar ta Tarazonica &gt;<\/a><\/div>\n<\/div>\n\n\n\n<p><strong>Descripci\u00f3n<\/strong> <kbd>\u25bc<\/kbd><\/p>\n\n\n\n<p><strong>Pachina d\u2019eixemplo<\/strong> <kbd>\u25bc<\/kbd><\/p>\n<\/div>\n\n\n\n<div class=\"wp-block-column is-layout-flow wp-block-column-is-layout-flow\">\n<figure class=\"wp-block-image size-full is-resized\"><img loading=\"lazy\" decoding=\"async\" width=\"501\" height=\"561\" src=\"https:\/\/edicionstransiberiano.com\/wp-content\/uploads\/2023\/09\/07-Nabar-Portada.png\" alt=\"\" class=\"wp-image-165\" style=\"aspect-ratio:0.8950819672131147;width:405px;height:auto\" srcset=\"https:\/\/edicionstransiberiano.com\/wp-content\/uploads\/2023\/09\/07-Nabar-Portada.png 501w, https:\/\/edicionstransiberiano.com\/wp-content\/uploads\/2023\/09\/07-Nabar-Portada-268x300.png 268w\" sizes=\"(max-width: 501px) 100vw, 501px\" \/><\/figure>\n<\/div>\n<\/div>\n\n\n\n<p><strong>Descripci\u00f3n<\/strong><\/p>\n\n\n\n<p><strong>Nabar <\/strong>ye o nombre de l&#8217;onso de drapo que se comercializ\u00f3 en l&#8217;anyada 2008 qui contaba cuentos en as 4 luengas de o Pirineu, basco, occitano, catal\u00e1n y aragon\u00e9s, antim\u00e1s de castellano, franc\u00e9s y angl\u00e9s. Os cuentos prencipian con cinco historias que acompanyan por os monts a Chuanet l&#8217;onso, qui no conoixeba o miedo, mirando de trobar-lo. Dimpu\u00e9s recorremos o mundo con recontamientos que cuentan historias de chents, d&#8217;animals, que nos amuestran a cultura tradicional, que nos ensinyan licions, que nos fan aprender d&#8217;a vida, dica tornar ta casa nuestra, an que despedimos os cuentos de forma tradicional,&#8230; contico contau por a chaminera t&#8217;o tellau y d&#8217;o tellau ta o coso, pa que no lo sepa garra mocoso.<\/p>\n\n\n\n<p><strong>Pachina d\u2019eixemplo<\/strong><\/p>\n\n\n\n\n\n<div class=\"wp-block-buttons is-layout-flex wp-block-buttons-is-layout-flex\">\n<div class=\"wp-block-button\"><a class=\"wp-block-button__link wp-element-button\" href=\"https:\/\/www.todostuslibros.com\/libros\/nabar_978-84-129887-7-2\"><strong><mark style=\"background-color:rgba(0, 0, 0, 0)\" class=\"has-inline-color has-luminous-vivid-amber-color\">MERCAR<\/mark><\/strong><\/a><\/div>\n\n\n\n<div class=\"wp-block-button\"><a class=\"wp-block-button__link wp-element-button\" href=\"https:\/\/edicionstransiberiano.com\/index.php\/inicio\/catalogo\/tarazonica-2\/\">Tornar ta Tarazonica &gt;<\/a><\/div>\n<\/div>\n","protected":false},"excerpt":{"rendered":"<p>Autor: Koldo Izagirre Urreaga (Traductor: Dabi Lahiguera Albericio) ISBN: 978-84-129887-7-2 &#8212;&#8212;&#8212;&#8212;&#8212;&#8212;&#8212;&#8212;&#8212;&#8212;&#8212;&#8212;&#8212;&#8212; Descripci\u00f3n \u25bc Pachina d\u2019eixemplo \u25bc Descripci\u00f3n Nabar ye o nombre de l&#8217;onso de drapo que se comercializ\u00f3 en l&#8217;anyada 2008 qui contaba cuentos en as 4 luengas de o Pirineu, basco, occitano, catal\u00e1n y aragon\u00e9s, antim\u00e1s de castellano, franc\u00e9s y angl\u00e9s. Os cuentos prencipian [&hellip;]<\/p>\n","protected":false},"author":1,"featured_media":0,"parent":130,"menu_order":0,"comment_status":"closed","ping_status":"closed","template":"","meta":{"footnotes":""},"class_list":["post-300","page","type-page","status-publish","hentry","post"],"_links":{"self":[{"href":"https:\/\/edicionstransiberiano.com\/index.php\/wp-json\/wp\/v2\/pages\/300"}],"collection":[{"href":"https:\/\/edicionstransiberiano.com\/index.php\/wp-json\/wp\/v2\/pages"}],"about":[{"href":"https:\/\/edicionstransiberiano.com\/index.php\/wp-json\/wp\/v2\/types\/page"}],"author":[{"embeddable":true,"href":"https:\/\/edicionstransiberiano.com\/index.php\/wp-json\/wp\/v2\/users\/1"}],"replies":[{"embeddable":true,"href":"https:\/\/edicionstransiberiano.com\/index.php\/wp-json\/wp\/v2\/comments?post=300"}],"version-history":[{"count":5,"href":"https:\/\/edicionstransiberiano.com\/index.php\/wp-json\/wp\/v2\/pages\/300\/revisions"}],"predecessor-version":[{"id":674,"href":"https:\/\/edicionstransiberiano.com\/index.php\/wp-json\/wp\/v2\/pages\/300\/revisions\/674"}],"up":[{"embeddable":true,"href":"https:\/\/edicionstransiberiano.com\/index.php\/wp-json\/wp\/v2\/pages\/130"}],"wp:attachment":[{"href":"https:\/\/edicionstransiberiano.com\/index.php\/wp-json\/wp\/v2\/media?parent=300"}],"curies":[{"name":"wp","href":"https:\/\/api.w.org\/{rel}","templated":true}]}}