{"id":266,"date":"2023-09-12T21:02:46","date_gmt":"2023-09-12T21:02:46","guid":{"rendered":"https:\/\/edicionstransiberiano.com\/?page_id=266"},"modified":"2025-02-18T18:11:59","modified_gmt":"2025-02-18T18:11:59","slug":"cinquanta-sospiros-damor-y-vida","status":"publish","type":"page","link":"https:\/\/edicionstransiberiano.com\/index.php\/inicio\/catalogo\/uellos-negros\/cinquanta-sospiros-damor-y-vida\/","title":{"rendered":"Cinquanta sospiros d&#8217;amor y vida"},"content":{"rendered":"\n<div class=\"wp-block-columns is-layout-flex wp-container-core-columns-is-layout-1 wp-block-columns-is-layout-flex\">\n<div class=\"wp-block-column is-layout-flow wp-block-column-is-layout-flow\">\n<p>Autor: Jes\u00fas Sierra Vi\u00f1uales<\/p>\n\n\n\n<p>ISBN: <\/p>\n\n\n\n<div class=\"wp-block-buttons is-layout-flex wp-block-buttons-is-layout-flex\">\n<div class=\"wp-block-button\"><a class=\"wp-block-button__link wp-element-button\" href=\"https:\/\/www.todostuslibros.com\/libros\/cinquanta-sospiros-d-amor-y-vida_978-84-129981-7-7\"><strong><mark style=\"background-color:rgba(0, 0, 0, 0)\" class=\"has-inline-color has-luminous-vivid-amber-color\">MERCAR<\/mark><\/strong><\/a><\/div>\n<\/div>\n\n\n\n<p>&#8212;&#8212;&#8212;&#8212;&#8212;&#8212;&#8212;&#8212;&#8212;&#8212;&#8212;&#8212;&#8212;&#8212;&#8212;&#8212;&#8212;&#8212;&#8212;&#8211;<\/p>\n\n\n\n<div class=\"wp-block-buttons is-layout-flex wp-block-buttons-is-layout-flex\">\n<div class=\"wp-block-button\"><a class=\"wp-block-button__link wp-element-button\" href=\"https:\/\/edicionstransiberiano.com\/index.php\/inicio\/catalogo\/uellos-negros\/\">Tornar ta Uellos Negros &gt;<\/a><\/div>\n<\/div>\n\n\n\n<p><strong>Descripci\u00f3n<\/strong> <kbd>\u25bc<\/kbd><\/p>\n\n\n\n<p><strong>Pachina d\u2019eixemplo<\/strong> <kbd>\u25bc<\/kbd><\/p>\n<\/div>\n\n\n\n<div class=\"wp-block-column is-layout-flow wp-block-column-is-layout-flow\">\n<figure class=\"wp-block-image size-full is-resized\"><img loading=\"lazy\" decoding=\"async\" width=\"600\" height=\"469\" src=\"https:\/\/edicionstransiberiano.com\/wp-content\/uploads\/2023\/12\/16-Cinquanta-sospiros-d_amor-y-vida-1.png\" alt=\"\" class=\"wp-image-364\" style=\"aspect-ratio:1.2795698924731183;width:462px;height:auto\" srcset=\"https:\/\/edicionstransiberiano.com\/wp-content\/uploads\/2023\/12\/16-Cinquanta-sospiros-d_amor-y-vida-1.png 600w, https:\/\/edicionstransiberiano.com\/wp-content\/uploads\/2023\/12\/16-Cinquanta-sospiros-d_amor-y-vida-1-300x235.png 300w\" sizes=\"(max-width: 600px) 100vw, 600px\" \/><\/figure>\n<\/div>\n<\/div>\n\n\n\n<p><strong>Descripci\u00f3n<\/strong><\/p>\n\n\n\n<p>\u201cCINQUANTA SOSPIROS D\u2019AMOR Y VIDA\u201d ye una tremenera de cancions y de poemas fetos en chistab\u00edn, la variedat d\u2019aragon\u00e9s que se parla en la Val de Chistau.<\/p>\n\n\n\n<p>El libro ye feto en tres partes, veinte sospiros d\u2019amor fetos con letra y musica de l\u2019autor, veinte sospiros de vida an que Jes\u00fas mete mosica a poemas fetos per atros autors y un mezclallo de atros diez sospiros d\u2019amor y vida.<\/p>\n\n\n\n<p>Totz es poemas replegan la letra de la canci\u00f3n y la suya partitura musical, fendo vez ta qui le fa goi la poes\u00eda y tami\u00e9n a qui le fa goy la mosica y se i fa un poquet ta tanyer las cantas.<\/p>\n\n\n\n<p>Las letras parlan m\u00e1s que m\u00e1s d\u2019amor, de la persona amada, de la tierra, d\u2019ixas cosetas que aplenan de color la vida.<\/p>\n\n\n\n<p>Este poemario musical que tiens en las tuyas mans ye una colecci\u00f3n de sospiros ta que el chistab\u00edn siga alentando y faya chimar sentimientos d\u2019amor y vida a qui gose acercar-se a ulorar-los.<\/p>\n\n\n\n<p><strong>Pachina d\u2019eixemplo<\/strong><\/p>\n\n\n\n\n\n<div class=\"wp-block-buttons is-layout-flex wp-block-buttons-is-layout-flex\">\n<div class=\"wp-block-button\"><a class=\"wp-block-button__link wp-element-button\" href=\"https:\/\/www.todostuslibros.com\/libros\/cinquanta-sospiros-d-amor-y-vida_978-84-129981-7-7\"><strong><mark style=\"background-color:rgba(0, 0, 0, 0)\" class=\"has-inline-color has-luminous-vivid-amber-color\">MERCAR<\/mark><\/strong><\/a><\/div>\n\n\n\n<div class=\"wp-block-button\"><a class=\"wp-block-button__link wp-element-button\" href=\"https:\/\/edicionstransiberiano.com\/index.php\/inicio\/catalogo\/uellos-negros\/\">Tornar ta Uellos Negros &gt;<\/a><\/div>\n<\/div>\n\n\n\n<p><\/p>\n","protected":false},"excerpt":{"rendered":"<p>Autor: Jes\u00fas Sierra Vi\u00f1uales ISBN: &#8212;&#8212;&#8212;&#8212;&#8212;&#8212;&#8212;&#8212;&#8212;&#8212;&#8212;&#8212;&#8212;&#8212;&#8212;&#8212;&#8212;&#8212;&#8212;&#8211; Descripci\u00f3n \u25bc Pachina d\u2019eixemplo \u25bc Descripci\u00f3n \u201cCINQUANTA SOSPIROS D\u2019AMOR Y VIDA\u201d ye una tremenera de cancions y de poemas fetos en chistab\u00edn, la variedat d\u2019aragon\u00e9s que se parla en la Val de Chistau. El libro ye feto en tres partes, veinte sospiros d\u2019amor fetos con letra y musica de [&hellip;]<\/p>\n","protected":false},"author":1,"featured_media":0,"parent":131,"menu_order":0,"comment_status":"closed","ping_status":"closed","template":"","meta":{"footnotes":""},"class_list":["post-266","page","type-page","status-publish","hentry","post"],"_links":{"self":[{"href":"https:\/\/edicionstransiberiano.com\/index.php\/wp-json\/wp\/v2\/pages\/266"}],"collection":[{"href":"https:\/\/edicionstransiberiano.com\/index.php\/wp-json\/wp\/v2\/pages"}],"about":[{"href":"https:\/\/edicionstransiberiano.com\/index.php\/wp-json\/wp\/v2\/types\/page"}],"author":[{"embeddable":true,"href":"https:\/\/edicionstransiberiano.com\/index.php\/wp-json\/wp\/v2\/users\/1"}],"replies":[{"embeddable":true,"href":"https:\/\/edicionstransiberiano.com\/index.php\/wp-json\/wp\/v2\/comments?post=266"}],"version-history":[{"count":7,"href":"https:\/\/edicionstransiberiano.com\/index.php\/wp-json\/wp\/v2\/pages\/266\/revisions"}],"predecessor-version":[{"id":715,"href":"https:\/\/edicionstransiberiano.com\/index.php\/wp-json\/wp\/v2\/pages\/266\/revisions\/715"}],"up":[{"embeddable":true,"href":"https:\/\/edicionstransiberiano.com\/index.php\/wp-json\/wp\/v2\/pages\/131"}],"wp:attachment":[{"href":"https:\/\/edicionstransiberiano.com\/index.php\/wp-json\/wp\/v2\/media?parent=266"}],"curies":[{"name":"wp","href":"https:\/\/api.w.org\/{rel}","templated":true}]}}