{"id":265,"date":"2023-09-12T20:59:10","date_gmt":"2023-09-12T20:59:10","guid":{"rendered":"https:\/\/edicionstransiberiano.com\/?page_id=265"},"modified":"2025-02-10T19:40:16","modified_gmt":"2025-02-10T19:40:16","slug":"en-latro-canto-da-buega","status":"publish","type":"page","link":"https:\/\/edicionstransiberiano.com\/index.php\/inicio\/catalogo\/canfranero-2\/en-latro-canto-da-buega\/","title":{"rendered":"En l&#8217;atro canto d&#8217;a buega"},"content":{"rendered":"\n<div class=\"wp-block-columns is-layout-flex wp-container-core-columns-is-layout-1 wp-block-columns-is-layout-flex\">\n<div class=\"wp-block-column is-layout-flow wp-block-column-is-layout-flow\">\n<p>Autor: Rub\u00e9n Ramos Ant\u00f3n<\/p>\n\n\n\n<p>ISBN: <\/p>\n\n\n\n<div class=\"wp-block-buttons is-layout-flex wp-block-buttons-is-layout-flex\">\n<div class=\"wp-block-button\"><a class=\"wp-block-button__link wp-element-button\" href=\"https:\/\/www.todostuslibros.com\/libros\/en-l-atro-canto-d-a-buega_978-84-129981-6-0\"><strong><mark style=\"background-color:rgba(0, 0, 0, 0)\" class=\"has-inline-color has-luminous-vivid-amber-color\">MERCAR<\/mark><\/strong><\/a><\/div>\n<\/div>\n\n\n\n<p>&#8212;&#8212;&#8212;&#8212;&#8212;&#8212;&#8212;&#8212;&#8212;&#8212;&#8212;&#8212;&#8212;&#8212;&#8212;&#8212;&#8212;-<\/p>\n\n\n\n<div class=\"wp-block-buttons is-layout-flex wp-block-buttons-is-layout-flex\">\n<div class=\"wp-block-button\"><a class=\"wp-block-button__link wp-element-button\" href=\"https:\/\/edicionstransiberiano.com\/index.php\/inicio\/catalogo\/canfranero-2\/\">Tornar ta Canfranero &gt;<\/a><\/div>\n<\/div>\n\n\n\n<p><strong>Descripci\u00f3n<\/strong> <kbd>\u25bc<\/kbd><\/p>\n\n\n\n<p><strong>Pachina d\u2019eixemplo<\/strong> <kbd>\u25bc<\/kbd><\/p>\n<\/div>\n\n\n\n<div class=\"wp-block-column is-layout-flow wp-block-column-is-layout-flow\">\n<figure class=\"wp-block-image size-full is-resized\"><img loading=\"lazy\" decoding=\"async\" width=\"778\" height=\"637\" src=\"https:\/\/edicionstransiberiano.com\/wp-content\/uploads\/2023\/09\/15-En-laltro-canto-da-buega.png\" alt=\"\" class=\"wp-image-267\" style=\"aspect-ratio:1.2235772357723578;width:472px;height:auto\" srcset=\"https:\/\/edicionstransiberiano.com\/wp-content\/uploads\/2023\/09\/15-En-laltro-canto-da-buega.png 778w, https:\/\/edicionstransiberiano.com\/wp-content\/uploads\/2023\/09\/15-En-laltro-canto-da-buega-300x246.png 300w, https:\/\/edicionstransiberiano.com\/wp-content\/uploads\/2023\/09\/15-En-laltro-canto-da-buega-768x629.png 768w\" sizes=\"(max-width: 778px) 100vw, 778px\" \/><\/figure>\n<\/div>\n<\/div>\n\n\n\n<p><strong>Descripci\u00f3n<\/strong><\/p>\n\n\n\n<p>Mar\u00eda ye una choven plena de suenios que conoix a Miguel, un montany\u00e9s que ha habiu de marchar d&#8217;o suyo lugar. Chuntos se capuzan en os embordiellos politicos d&#8217;a Zaragoza d&#8217;os anyos trenta d&#8217;o sieglo pasau. A guerra les amostrar\u00e1 a suya cruel cara, furtando-les as suyas ilusions.<\/p>\n\n\n\n<p><strong>Pachina d\u2019eixemplo<\/strong><\/p>\n\n\n\n\n\n<div class=\"wp-block-buttons is-layout-flex wp-block-buttons-is-layout-flex\">\n<div class=\"wp-block-button\"><a class=\"wp-block-button__link wp-element-button\" href=\"https:\/\/www.todostuslibros.com\/libros\/en-l-atro-canto-d-a-buega_978-84-129981-6-0\"><strong><mark style=\"background-color:rgba(0, 0, 0, 0)\" class=\"has-inline-color has-luminous-vivid-amber-color\">MERCAR<\/mark><\/strong><\/a><\/div>\n\n\n\n<div class=\"wp-block-button\"><a class=\"wp-block-button__link wp-element-button\" href=\"https:\/\/edicionstransiberiano.com\/index.php\/inicio\/catalogo\/canfranero-2\/\">Tornar ta Canfranero &gt;<\/a><\/div>\n<\/div>\n\n\n\n<p><\/p>\n","protected":false},"excerpt":{"rendered":"<p>Autor: Rub\u00e9n Ramos Ant\u00f3n ISBN: &#8212;&#8212;&#8212;&#8212;&#8212;&#8212;&#8212;&#8212;&#8212;&#8212;&#8212;&#8212;&#8212;&#8212;&#8212;&#8212;&#8212;- Descripci\u00f3n \u25bc Pachina d\u2019eixemplo \u25bc Descripci\u00f3n Mar\u00eda ye una choven plena de suenios que conoix a Miguel, un montany\u00e9s que ha habiu de marchar d&#8217;o suyo lugar. Chuntos se capuzan en os embordiellos politicos d&#8217;a Zaragoza d&#8217;os anyos trenta d&#8217;o sieglo pasau. A guerra les amostrar\u00e1 a suya cruel [&hellip;]<\/p>\n","protected":false},"author":1,"featured_media":0,"parent":70,"menu_order":0,"comment_status":"closed","ping_status":"closed","template":"","meta":{"footnotes":""},"class_list":["post-265","page","type-page","status-publish","hentry","post"],"_links":{"self":[{"href":"https:\/\/edicionstransiberiano.com\/index.php\/wp-json\/wp\/v2\/pages\/265"}],"collection":[{"href":"https:\/\/edicionstransiberiano.com\/index.php\/wp-json\/wp\/v2\/pages"}],"about":[{"href":"https:\/\/edicionstransiberiano.com\/index.php\/wp-json\/wp\/v2\/types\/page"}],"author":[{"embeddable":true,"href":"https:\/\/edicionstransiberiano.com\/index.php\/wp-json\/wp\/v2\/users\/1"}],"replies":[{"embeddable":true,"href":"https:\/\/edicionstransiberiano.com\/index.php\/wp-json\/wp\/v2\/comments?post=265"}],"version-history":[{"count":4,"href":"https:\/\/edicionstransiberiano.com\/index.php\/wp-json\/wp\/v2\/pages\/265\/revisions"}],"predecessor-version":[{"id":695,"href":"https:\/\/edicionstransiberiano.com\/index.php\/wp-json\/wp\/v2\/pages\/265\/revisions\/695"}],"up":[{"embeddable":true,"href":"https:\/\/edicionstransiberiano.com\/index.php\/wp-json\/wp\/v2\/pages\/70"}],"wp:attachment":[{"href":"https:\/\/edicionstransiberiano.com\/index.php\/wp-json\/wp\/v2\/media?parent=265"}],"curies":[{"name":"wp","href":"https:\/\/api.w.org\/{rel}","templated":true}]}}