{"id":250,"date":"2023-09-12T20:28:06","date_gmt":"2023-09-12T20:28:06","guid":{"rendered":"https:\/\/edicionstransiberiano.com\/?page_id=250"},"modified":"2025-01-31T17:33:09","modified_gmt":"2025-01-31T17:33:09","slug":"fillos-das-lenguas","status":"publish","type":"page","link":"https:\/\/edicionstransiberiano.com\/index.php\/inicio\/catalogo\/canfranero-2\/fillos-das-lenguas\/","title":{"rendered":"Fillos d&#8217;as lenguas. Misi\u00f3n multiling\u00fcismo."},"content":{"rendered":"\n<div class=\"wp-block-columns is-layout-flex wp-container-core-columns-is-layout-1 wp-block-columns-is-layout-flex\">\n<div class=\"wp-block-column is-layout-flow wp-block-column-is-layout-flow\">\n<p>Autor: Santiago Paricio Mart\u00edn<\/p>\n\n\n\n<p>ISBN: 978-84-129887-5-8<\/p>\n\n\n\n<div class=\"wp-block-buttons is-layout-flex wp-block-buttons-is-layout-flex\">\n<div class=\"wp-block-button\"><a class=\"wp-block-button__link wp-element-button\" href=\"https:\/\/www.todostuslibros.com\/libros\/fillos-d-as-luengas_978-84-129887-5-8\"><strong><mark style=\"background-color:rgba(0, 0, 0, 0)\" class=\"has-inline-color has-luminous-vivid-amber-color\">MERCAR<\/mark><\/strong><\/a><\/div>\n<\/div>\n\n\n\n<p>&#8212;&#8212;&#8212;&#8212;&#8212;&#8212;&#8212;&#8212;&#8212;&#8212;&#8212;&#8212;&#8212;&#8212;&#8212;&#8212;&#8212;&#8211;<\/p>\n\n\n\n<div class=\"wp-block-buttons is-layout-flex wp-block-buttons-is-layout-flex\">\n<div class=\"wp-block-button\"><a class=\"wp-block-button__link wp-element-button\" href=\"https:\/\/edicionstransiberiano.com\/index.php\/inicio\/catalogo\/canfranero-2\/\">Tornar ta Canfranero &gt;<\/a><\/div>\n<\/div>\n\n\n\n<p><strong>Descripci\u00f3n<\/strong> <kbd>\u25bc<\/kbd><\/p>\n\n\n\n<p><strong>Pachina d\u2019eixemplo<\/strong> <kbd>\u25bc<\/kbd><\/p>\n<\/div>\n\n\n\n<div class=\"wp-block-column is-layout-flow wp-block-column-is-layout-flow\">\n<figure class=\"wp-block-image size-full is-resized\"><img loading=\"lazy\" decoding=\"async\" width=\"472\" height=\"550\" src=\"https:\/\/edicionstransiberiano.com\/wp-content\/uploads\/2023\/09\/Fillos-das-lenguas-Portada-1.png\" alt=\"\" class=\"wp-image-251\" style=\"width:326px;height:378px\" srcset=\"https:\/\/edicionstransiberiano.com\/wp-content\/uploads\/2023\/09\/Fillos-das-lenguas-Portada-1.png 472w, https:\/\/edicionstransiberiano.com\/wp-content\/uploads\/2023\/09\/Fillos-das-lenguas-Portada-1-257x300.png 257w\" sizes=\"(max-width: 472px) 100vw, 472px\" \/><\/figure>\n<\/div>\n<\/div>\n\n\n\n<p><strong>Descripci\u00f3n<\/strong><\/p>\n\n\n\n<p><em>Fillos d\u2019as luengas <\/em>ye una novela d\u2019esp\u00edas, viaches, aventuras y amor que cuenta a historia de Sophie Messenger, una choven traductora d\u2019Estaus Unius que tiene a misi\u00f3n de volar ta Bruselas y fer parte d\u2019un gran congreso mundial. All\u00ed, l\u2019asasinato d\u2019un famoso ling\u00fcista chapon\u00e9s desembolica os acontecimientos que la levar\u00e1n, chunto con o turco Tariq y o europeu Babel, dica a inmensa ciudat de Tokio, a on reviscolar\u00e1 os secretos d\u2019una conspiraci\u00f3n internacional.&nbsp;<\/p>\n\n\n\n<p>Ista novela, fruito d\u2019a reflexi\u00f3n sobre a importancia d\u2019as luengas y d\u2019un mundo en contina revoluci\u00f3n, fa parte d\u2019una linia de treballo en que a literatura en aragon\u00e9s mira d\u2019ir dell\u00e1 d\u2019os temas tradicionals y fer goyo a os lectors chovens en una sociedat m\u00e1s interconnectada. A descripci\u00f3n de lugars, sentimientos y personaches, a relaci\u00f3n entre Sophie y Babel, a valor de l\u2019amistat, a luita y a humildat debant de l\u2019ambici\u00f3n d\u2019un mundo capitalista y mego son os filos con que ye tricotada ista historia que nos amuestra que toz somos <em>fillos d\u2019as luengas<\/em>.&nbsp;<\/p>\n\n\n\n<p><strong>Pachina d\u2019eixemplo<\/strong><\/p>\n\n\n\n\n\n<div class=\"wp-block-buttons is-layout-flex wp-block-buttons-is-layout-flex\">\n<div class=\"wp-block-button\"><a class=\"wp-block-button__link wp-element-button\" href=\"https:\/\/www.todostuslibros.com\/libros\/fillos-d-as-luengas_978-84-129887-5-8\"><strong><mark style=\"background-color:rgba(0, 0, 0, 0)\" class=\"has-inline-color has-luminous-vivid-amber-color\">MERCAR<\/mark><\/strong><\/a><\/div>\n\n\n\n<div class=\"wp-block-button\"><a class=\"wp-block-button__link wp-element-button\" href=\"https:\/\/edicionstransiberiano.com\/index.php\/inicio\/catalogo\/canfranero-2\/\">Tornar ta Canfranero &gt;<\/a><\/div>\n<\/div>\n","protected":false},"excerpt":{"rendered":"<p>Autor: Santiago Paricio Mart\u00edn ISBN: 978-84-129887-5-8 &#8212;&#8212;&#8212;&#8212;&#8212;&#8212;&#8212;&#8212;&#8212;&#8212;&#8212;&#8212;&#8212;&#8212;&#8212;&#8212;&#8212;&#8211; Descripci\u00f3n \u25bc Pachina d\u2019eixemplo \u25bc Descripci\u00f3n Fillos d\u2019as luengas ye una novela d\u2019esp\u00edas, viaches, aventuras y amor que cuenta a historia de Sophie Messenger, una choven traductora d\u2019Estaus Unius que tiene a misi\u00f3n de volar ta Bruselas y fer parte d\u2019un gran congreso mundial. All\u00ed, l\u2019asasinato d\u2019un famoso [&hellip;]<\/p>\n","protected":false},"author":1,"featured_media":0,"parent":70,"menu_order":0,"comment_status":"closed","ping_status":"closed","template":"","meta":{"footnotes":""},"class_list":["post-250","page","type-page","status-publish","hentry","post"],"_links":{"self":[{"href":"https:\/\/edicionstransiberiano.com\/index.php\/wp-json\/wp\/v2\/pages\/250"}],"collection":[{"href":"https:\/\/edicionstransiberiano.com\/index.php\/wp-json\/wp\/v2\/pages"}],"about":[{"href":"https:\/\/edicionstransiberiano.com\/index.php\/wp-json\/wp\/v2\/types\/page"}],"author":[{"embeddable":true,"href":"https:\/\/edicionstransiberiano.com\/index.php\/wp-json\/wp\/v2\/users\/1"}],"replies":[{"embeddable":true,"href":"https:\/\/edicionstransiberiano.com\/index.php\/wp-json\/wp\/v2\/comments?post=250"}],"version-history":[{"count":4,"href":"https:\/\/edicionstransiberiano.com\/index.php\/wp-json\/wp\/v2\/pages\/250\/revisions"}],"predecessor-version":[{"id":670,"href":"https:\/\/edicionstransiberiano.com\/index.php\/wp-json\/wp\/v2\/pages\/250\/revisions\/670"}],"up":[{"embeddable":true,"href":"https:\/\/edicionstransiberiano.com\/index.php\/wp-json\/wp\/v2\/pages\/70"}],"wp:attachment":[{"href":"https:\/\/edicionstransiberiano.com\/index.php\/wp-json\/wp\/v2\/media?parent=250"}],"curies":[{"name":"wp","href":"https:\/\/api.w.org\/{rel}","templated":true}]}}