{"id":240,"date":"2023-09-10T17:44:13","date_gmt":"2023-09-10T17:44:13","guid":{"rendered":"https:\/\/edicionstransiberiano.com\/?page_id=240"},"modified":"2025-01-31T17:24:05","modified_gmt":"2025-01-31T17:24:05","slug":"alas-de-papel-2","status":"publish","type":"page","link":"https:\/\/edicionstransiberiano.com\/index.php\/inicio\/catalogo\/canfranero-2\/alas-de-papel-2\/","title":{"rendered":"Alas de papel. Gernika 1937"},"content":{"rendered":"\n<div class=\"wp-block-columns is-layout-flex wp-container-core-columns-is-layout-1 wp-block-columns-is-layout-flex\">\n<div class=\"wp-block-column is-layout-flow wp-block-column-is-layout-flow\">\n<p>Autor: Fernando Romanos Hernando<\/p>\n\n\n\n<p>ISBN: 978-84-129887-3-4<\/p>\n\n\n\n<div class=\"wp-block-buttons is-layout-flex wp-block-buttons-is-layout-flex\">\n<div class=\"wp-block-button\"><a class=\"wp-block-button__link wp-element-button\" href=\"https:\/\/www.todostuslibros.com\/libros\/alas-de-papel-gernika-1937_978-84-129887-3-4\"><strong><mark style=\"background-color:rgba(0, 0, 0, 0)\" class=\"has-inline-color has-luminous-vivid-amber-color\">MERCAR<\/mark><\/strong><\/a><\/div>\n<\/div>\n\n\n\n<p>&#8212;&#8212;&#8212;&#8212;&#8212;&#8212;&#8212;&#8212;&#8212;&#8212;&#8212;&#8212;&#8212;&#8212;&#8212;&#8212;&#8212;&#8212;<\/p>\n\n\n\n<div class=\"wp-block-buttons is-layout-flex wp-block-buttons-is-layout-flex\">\n<div class=\"wp-block-button\"><a class=\"wp-block-button__link wp-element-button\" href=\"https:\/\/edicionstransiberiano.com\/index.php\/inicio\/catalogo\/canfranero-2\/\">Tornar ta Canfranero &gt;<\/a><\/div>\n<\/div>\n\n\n\n<p><strong>Descripci\u00f3n<\/strong> <kbd>\u25bc<\/kbd><\/p>\n\n\n\n<p><strong>Pachina d\u2019eixemplo<\/strong> <kbd>\u25bc<\/kbd><\/p>\n<\/div>\n\n\n\n<div class=\"wp-block-column is-layout-flow wp-block-column-is-layout-flow\">\n<figure class=\"wp-block-image size-full is-resized\"><img loading=\"lazy\" decoding=\"async\" width=\"498\" height=\"563\" src=\"https:\/\/edicionstransiberiano.com\/wp-content\/uploads\/2023\/09\/03-Alas-de-papel.png\" alt=\"\" class=\"wp-image-241\" style=\"aspect-ratio:0.8869047619047619;width:340px;height:auto\" srcset=\"https:\/\/edicionstransiberiano.com\/wp-content\/uploads\/2023\/09\/03-Alas-de-papel.png 498w, https:\/\/edicionstransiberiano.com\/wp-content\/uploads\/2023\/09\/03-Alas-de-papel-265x300.png 265w\" sizes=\"(max-width: 498px) 100vw, 498px\" \/><\/figure>\n<\/div>\n<\/div>\n\n\n\n<p><strong>Descripci\u00f3n<\/strong><\/p>\n\n\n\n<p>Gernika esti\u00f3 a primera ciudat d\u2019a historia que esti\u00f3 emplegada como campo de prebas d\u2019un bombardeo masivo d\u2019aviaci\u00f3n sobre poblaci\u00f3n civil. <strong>Alas de papel, Gernika 1937, <\/strong>ye una novela curta que trata de revivir en a persona de un zagal\u00f3n chovenardo lo que esti\u00f3 o sufrimiento d\u2019o bombardeo drento d\u2019a bastida d\u2019o que yera a vida escolar, de relacions humanas y familiars, a vida social y cultural d\u2019a villa de Gernika en ixes diyas.<\/p>\n\n\n\n<p>Sobre un contexto historico decumentau, tanto en os detalles militars, socials, historicos l\u2019autor ha feito una tiradaina de presonaches de culicaiga, entrefilaus en un leito de&nbsp; vivencias aportadas por familiars suyos que vivi\u00f3n a postguerra y vivencias presonals d\u2019a infancia ta fer-los vivir en ixe momento historico con todas as suyas ilusions, aficions, entusiasmos, pasions, tarranturas, aproveitando ta reflexar a vida cultural y social de Gernika en aquels tiempos y os pensamientos y reflexions d\u2019as presonas que sin pensar en a guerra como tal la teneban tan cerca y tan leixos de vez.<\/p>\n\n\n\n<p><strong>Pachina<\/strong><\/p>\n\n\n\n\n\n<div class=\"wp-block-buttons is-layout-flex wp-block-buttons-is-layout-flex\">\n<div class=\"wp-block-button\"><a class=\"wp-block-button__link wp-element-button\" href=\"https:\/\/www.todostuslibros.com\/libros\/alas-de-papel-gernika-1937_978-84-129887-3-4\"><strong><mark style=\"background-color:rgba(0, 0, 0, 0)\" class=\"has-inline-color has-luminous-vivid-amber-color\">MERCAR<\/mark><\/strong><\/a><\/div>\n\n\n\n<div class=\"wp-block-button\"><a class=\"wp-block-button__link wp-element-button\" href=\"https:\/\/edicionstransiberiano.com\/index.php\/inicio\/catalogo\/canfranero-2\/\">Tornar ta Canfranero &gt;<\/a><\/div>\n<\/div>\n","protected":false},"excerpt":{"rendered":"<p>Autor: Fernando Romanos Hernando ISBN: 978-84-129887-3-4 &#8212;&#8212;&#8212;&#8212;&#8212;&#8212;&#8212;&#8212;&#8212;&#8212;&#8212;&#8212;&#8212;&#8212;&#8212;&#8212;&#8212;&#8212; Descripci\u00f3n \u25bc Pachina d\u2019eixemplo \u25bc Descripci\u00f3n Gernika esti\u00f3 a primera ciudat d\u2019a historia que esti\u00f3 emplegada como campo de prebas d\u2019un bombardeo masivo d\u2019aviaci\u00f3n sobre poblaci\u00f3n civil. Alas de papel, Gernika 1937, ye una novela curta que trata de revivir en a persona de un zagal\u00f3n chovenardo lo [&hellip;]<\/p>\n","protected":false},"author":1,"featured_media":0,"parent":70,"menu_order":0,"comment_status":"closed","ping_status":"closed","template":"","meta":{"footnotes":""},"class_list":["post-240","page","type-page","status-publish","hentry","post"],"_links":{"self":[{"href":"https:\/\/edicionstransiberiano.com\/index.php\/wp-json\/wp\/v2\/pages\/240"}],"collection":[{"href":"https:\/\/edicionstransiberiano.com\/index.php\/wp-json\/wp\/v2\/pages"}],"about":[{"href":"https:\/\/edicionstransiberiano.com\/index.php\/wp-json\/wp\/v2\/types\/page"}],"author":[{"embeddable":true,"href":"https:\/\/edicionstransiberiano.com\/index.php\/wp-json\/wp\/v2\/users\/1"}],"replies":[{"embeddable":true,"href":"https:\/\/edicionstransiberiano.com\/index.php\/wp-json\/wp\/v2\/comments?post=240"}],"version-history":[{"count":5,"href":"https:\/\/edicionstransiberiano.com\/index.php\/wp-json\/wp\/v2\/pages\/240\/revisions"}],"predecessor-version":[{"id":632,"href":"https:\/\/edicionstransiberiano.com\/index.php\/wp-json\/wp\/v2\/pages\/240\/revisions\/632"}],"up":[{"embeddable":true,"href":"https:\/\/edicionstransiberiano.com\/index.php\/wp-json\/wp\/v2\/pages\/70"}],"wp:attachment":[{"href":"https:\/\/edicionstransiberiano.com\/index.php\/wp-json\/wp\/v2\/media?parent=240"}],"curies":[{"name":"wp","href":"https:\/\/api.w.org\/{rel}","templated":true}]}}