{"id":235,"date":"2023-09-10T17:32:14","date_gmt":"2023-09-10T17:32:14","guid":{"rendered":"https:\/\/edicionstransiberiano.com\/?page_id=235"},"modified":"2025-01-28T17:13:57","modified_gmt":"2025-01-28T17:13:57","slug":"carasol-aragones","status":"publish","type":"page","link":"https:\/\/edicionstransiberiano.com\/index.php\/inicio\/catalogo\/canfranero-2\/carasol-aragones\/","title":{"rendered":"Carasol aragon\u00e9s"},"content":{"rendered":"\n<div class=\"wp-block-columns is-layout-flex wp-container-core-columns-is-layout-1 wp-block-columns-is-layout-flex\">\n<div class=\"wp-block-column is-layout-flow wp-block-column-is-layout-flow\">\n<p>Autor: Jos\u00e9 Mar\u00eda Satu\u00e9 Sanrom\u00e1n<\/p>\n\n\n\n<p>ISBN: 978-84-129887-2-7<\/p>\n\n\n\n<div class=\"wp-block-buttons is-layout-flex wp-block-buttons-is-layout-flex\">\n<div class=\"wp-block-button\"><a class=\"wp-block-button__link wp-element-button\" href=\"https:\/\/www.todostuslibros.com\/libros\/carasol-aragones_978-84-129887-2-7\"><strong><mark style=\"background-color:rgba(0, 0, 0, 0)\" class=\"has-inline-color has-luminous-vivid-amber-color\">MERCAR<\/mark><\/strong><\/a><\/div>\n<\/div>\n\n\n\n<p>&#8212;&#8212;&#8212;&#8212;&#8212;&#8212;&#8212;&#8212;&#8212;&#8212;&#8212;&#8212;&#8212;&#8212;&#8212;&#8212;&#8212;&#8211;<\/p>\n\n\n\n<div class=\"wp-block-buttons is-layout-flex wp-block-buttons-is-layout-flex\">\n<div class=\"wp-block-button\"><a class=\"wp-block-button__link wp-element-button\" href=\"https:\/\/edicionstransiberiano.com\/index.php\/inicio\/catalogo\/canfranero-2\/\">Tornar ta Canfranero &gt;<\/a><\/div>\n<\/div>\n\n\n\n<p><strong>Pachina d\u2019eixemplo<\/strong> <kbd>\u25bc<\/kbd><\/p>\n\n\n\n<p><strong>Descripci\u00f3n<\/strong> <kbd>\u25bc<\/kbd><\/p>\n<\/div>\n\n\n\n<div class=\"wp-block-column is-layout-flow wp-block-column-is-layout-flow\">\n<figure class=\"wp-block-image size-full is-resized\"><img loading=\"lazy\" decoding=\"async\" width=\"730\" height=\"539\" src=\"https:\/\/edicionstransiberiano.com\/wp-content\/uploads\/2023\/09\/02-Carasol-aragones-1.png\" alt=\"\" class=\"wp-image-236\" style=\"aspect-ratio:1.3576923076923078;width:472px;height:auto\" srcset=\"https:\/\/edicionstransiberiano.com\/wp-content\/uploads\/2023\/09\/02-Carasol-aragones-1.png 730w, https:\/\/edicionstransiberiano.com\/wp-content\/uploads\/2023\/09\/02-Carasol-aragones-1-300x222.png 300w\" sizes=\"(max-width: 730px) 100vw, 730px\" \/><\/figure>\n<\/div>\n<\/div>\n\n\n\n<p><strong>Descripci\u00f3n<\/strong><\/p>\n\n\n\n<p>En iste <em>Carasol aragon\u00e9s <\/em>se replegan as colaboracions publicadas por Jos\u00e9 Mar\u00eda Satu\u00e9 en Heraldo de Arag\u00f3n (HeraldoDomingo), en a columna semanal d\u2019o mesmo titol, cada domingo dende o 22 d\u2019abril de 2007 hasta o 13 d\u2019octubre de 2013. En istas columnas l\u2019autor escribe alredor de muitos temas:&nbsp; etnograf\u00eda, tradicions, leyendas, cuentez y historietas d\u2019os lugars de Sobrepuerto, pero tami\u00e9n sobre cuestions socials, actualidat u tecnoloch\u00edas. Y lo fa en o suyo aragon\u00e9s materno, que s\u2019encuadra en a zona central de l\u2019aragon\u00e9s, con muitos puntos en com\u00fan con as otras variedatz locals. Isto fa que siga facilment entendible por totz os charradors y interesaus en a luenga. A la fin d\u2019o libro s\u2019incluye un vocabulario basico pa aduyar en a comprensi\u00f3n d&#8217;os textos a os lectors menos familiarizaus con l\u2019aragon\u00e9s.<\/p>\n\n\n\n<p><strong>Pachina d\u2019eixemplo<\/strong><\/p>\n\n\n\n\n\n<div class=\"wp-block-buttons is-layout-flex wp-block-buttons-is-layout-flex\">\n<div class=\"wp-block-button\"><a class=\"wp-block-button__link wp-element-button\" href=\"https:\/\/www.todostuslibros.com\/libros\/carasol-aragones_978-84-129887-2-7\"><strong><mark style=\"background-color:rgba(0, 0, 0, 0)\" class=\"has-inline-color has-luminous-vivid-amber-color\">MERCAR<\/mark><\/strong><\/a><\/div>\n\n\n\n<div class=\"wp-block-button\"><a class=\"wp-block-button__link wp-element-button\" href=\"https:\/\/edicionstransiberiano.com\/index.php\/inicio\/catalogo\/canfranero-2\/\">Tornar ta Canfranero &gt;<\/a><\/div>\n<\/div>\n","protected":false},"excerpt":{"rendered":"<p>Autor: Jos\u00e9 Mar\u00eda Satu\u00e9 Sanrom\u00e1n ISBN: 978-84-129887-2-7 &#8212;&#8212;&#8212;&#8212;&#8212;&#8212;&#8212;&#8212;&#8212;&#8212;&#8212;&#8212;&#8212;&#8212;&#8212;&#8212;&#8212;&#8211; Pachina d\u2019eixemplo \u25bc Descripci\u00f3n \u25bc Descripci\u00f3n En iste Carasol aragon\u00e9s se replegan as colaboracions publicadas por Jos\u00e9 Mar\u00eda Satu\u00e9 en Heraldo de Arag\u00f3n (HeraldoDomingo), en a columna semanal d\u2019o mesmo titol, cada domingo dende o 22 d\u2019abril de 2007 hasta o 13 d\u2019octubre de 2013. En istas [&hellip;]<\/p>\n","protected":false},"author":1,"featured_media":0,"parent":70,"menu_order":0,"comment_status":"closed","ping_status":"closed","template":"","meta":{"footnotes":""},"class_list":["post-235","page","type-page","status-publish","hentry","post"],"_links":{"self":[{"href":"https:\/\/edicionstransiberiano.com\/index.php\/wp-json\/wp\/v2\/pages\/235"}],"collection":[{"href":"https:\/\/edicionstransiberiano.com\/index.php\/wp-json\/wp\/v2\/pages"}],"about":[{"href":"https:\/\/edicionstransiberiano.com\/index.php\/wp-json\/wp\/v2\/types\/page"}],"author":[{"embeddable":true,"href":"https:\/\/edicionstransiberiano.com\/index.php\/wp-json\/wp\/v2\/users\/1"}],"replies":[{"embeddable":true,"href":"https:\/\/edicionstransiberiano.com\/index.php\/wp-json\/wp\/v2\/comments?post=235"}],"version-history":[{"count":4,"href":"https:\/\/edicionstransiberiano.com\/index.php\/wp-json\/wp\/v2\/pages\/235\/revisions"}],"predecessor-version":[{"id":654,"href":"https:\/\/edicionstransiberiano.com\/index.php\/wp-json\/wp\/v2\/pages\/235\/revisions\/654"}],"up":[{"embeddable":true,"href":"https:\/\/edicionstransiberiano.com\/index.php\/wp-json\/wp\/v2\/pages\/70"}],"wp:attachment":[{"href":"https:\/\/edicionstransiberiano.com\/index.php\/wp-json\/wp\/v2\/media?parent=235"}],"curies":[{"name":"wp","href":"https:\/\/api.w.org\/{rel}","templated":true}]}}