{"id":170,"date":"2023-09-09T20:47:16","date_gmt":"2023-09-09T20:47:16","guid":{"rendered":"https:\/\/edicionstransiberiano.com\/?page_id=170"},"modified":"2025-01-31T17:43:13","modified_gmt":"2025-01-31T17:43:13","slug":"vida-de-pedro-saputo","status":"publish","type":"page","link":"https:\/\/edicionstransiberiano.com\/index.php\/inicio\/catalogo\/cuencas-meneras\/vida-de-pedro-saputo\/","title":{"rendered":"Vida de Pedro Saputo"},"content":{"rendered":"\n<div class=\"wp-block-columns is-layout-flex wp-container-core-columns-is-layout-1 wp-block-columns-is-layout-flex\">\n<div class=\"wp-block-column is-layout-flow wp-block-column-is-layout-flow\">\n<p>Autor: Braulio Foz \/ Traductor: Feliciano Mart\u00ednez Tur<\/p>\n\n\n\n<p>ISBN: 978-84-129887-1-0<\/p>\n\n\n\n<div class=\"wp-block-buttons is-layout-flex wp-block-buttons-is-layout-flex\">\n<div class=\"wp-block-button\"><a class=\"wp-block-button__link wp-element-button\" href=\"https:\/\/www.todostuslibros.com\/libros\/vida-de-pedro-saputo_978-84-129887-1-0\" target=\"_blank\" rel=\"noreferrer noopener\"><strong><mark style=\"background-color:rgba(0, 0, 0, 0)\" class=\"has-inline-color has-luminous-vivid-amber-color\">MERCAR<\/mark><\/strong><\/a><\/div>\n<\/div>\n\n\n\n<p>&#8212;&#8212;&#8212;&#8212;&#8212;&#8212;&#8212;&#8212;&#8212;&#8212;&#8212;&#8212;&#8212;&#8212;&#8212;&#8212;&#8212;&#8212;&#8212;&#8212;&#8212;&#8212;<\/p>\n\n\n\n<div class=\"wp-block-buttons is-layout-flex wp-block-buttons-is-layout-flex\">\n<div class=\"wp-block-button\"><a class=\"wp-block-button__link wp-element-button\" href=\"https:\/\/edicionstransiberiano.com\/index.php\/cuencas-meneras\/\">Tornar ta Cuencas Meneras &gt;<\/a><\/div>\n<\/div>\n\n\n\n<p><strong>Descripci\u00f3n<\/strong> <kbd>\u25bc<\/kbd><\/p>\n\n\n\n<p><strong>Pachina d\u2019eixemplo<\/strong> <kbd>\u25bc<\/kbd><\/p>\n<\/div>\n\n\n\n<div class=\"wp-block-column is-layout-flow wp-block-column-is-layout-flow\">\n<figure class=\"wp-block-image size-full\"><img loading=\"lazy\" decoding=\"async\" width=\"526\" height=\"674\" src=\"https:\/\/edicionstransiberiano.com\/wp-content\/uploads\/2023\/09\/01-Pedro-Saputo-Portada-2.png\" alt=\"\" class=\"wp-image-194\" srcset=\"https:\/\/edicionstransiberiano.com\/wp-content\/uploads\/2023\/09\/01-Pedro-Saputo-Portada-2.png 526w, https:\/\/edicionstransiberiano.com\/wp-content\/uploads\/2023\/09\/01-Pedro-Saputo-Portada-2-234x300.png 234w\" sizes=\"(max-width: 526px) 100vw, 526px\" \/><\/figure>\n<\/div>\n<\/div>\n\n\n\n<p>A estructura d\u2019a <em>Vida de<\/em> <em>Pedro Saputo<\/em> se basa en os grans clasicos d\u2019a literatura espanyola, sobretot d\u2019o <em>Lazarillo de Tormes<\/em> y <em>D. Quijote<\/em>. D\u2019ast\u00ed o car\u00e1cter itinerant y viachero d\u2019o protagonista, Pedro Saputo, que en cualques ocasions marcha d\u2019o suyo lugar a la usma d&#8217;aventuras y feitas. Se\u2019n va siempre solo, buscando o conoiximiento y a sabidur\u00eda. No precisa de no deng\u00fan y en no deng\u00fan se refirma. Como hombre agudo, conf\u00eda siempre en o suyo inchenio y autosuficiencia. Ye un ser libre que tien como unicos ligallos l\u2019amor a os suyos y a la suya tierra, nexo d\u2019uni\u00f3n y filo conductor de toda a obra.<\/p>\n\n\n\n<div class=\"wp-block-columns is-layout-flex wp-container-core-columns-is-layout-2 wp-block-columns-is-layout-flex\">\n<div class=\"wp-block-column is-layout-flow wp-block-column-is-layout-flow\" style=\"flex-basis:66.66%\"><\/div>\n<\/div>\n\n\n\n<div class=\"wp-block-buttons is-layout-flex wp-block-buttons-is-layout-flex\">\n<div class=\"wp-block-button\"><a class=\"wp-block-button__link wp-element-button\" href=\"https:\/\/www.todostuslibros.com\/libros\/vida-de-pedro-saputo_978-84-129887-1-0\" target=\"_blank\" rel=\"noreferrer noopener\"><strong><mark style=\"background-color:rgba(0, 0, 0, 0)\" class=\"has-inline-color has-luminous-vivid-amber-color\">MERCAR<\/mark><\/strong><\/a><\/div>\n\n\n\n<div class=\"wp-block-button\"><a class=\"wp-block-button__link wp-element-button\" href=\"https:\/\/edicionstransiberiano.com\/index.php\/cuencas-meneras\/\">Tornar ta Cuencas Meneras &gt;<\/a><\/div>\n<\/div>\n\n\n\n<p><\/p>\n","protected":false},"excerpt":{"rendered":"<p>Autor: Braulio Foz \/ Traductor: Feliciano Mart\u00ednez Tur ISBN: 978-84-129887-1-0 &#8212;&#8212;&#8212;&#8212;&#8212;&#8212;&#8212;&#8212;&#8212;&#8212;&#8212;&#8212;&#8212;&#8212;&#8212;&#8212;&#8212;&#8212;&#8212;&#8212;&#8212;&#8212; Descripci\u00f3n \u25bc Pachina d\u2019eixemplo \u25bc A estructura d\u2019a Vida de Pedro Saputo se basa en os grans clasicos d\u2019a literatura espanyola, sobretot d\u2019o Lazarillo de Tormes y D. Quijote. D\u2019ast\u00ed o car\u00e1cter itinerant y viachero d\u2019o protagonista, Pedro Saputo, que en cualques ocasions marcha [&hellip;]<\/p>\n","protected":false},"author":1,"featured_media":0,"parent":112,"menu_order":0,"comment_status":"closed","ping_status":"closed","template":"","meta":{"footnotes":""},"class_list":["post-170","page","type-page","status-publish","hentry","post"],"_links":{"self":[{"href":"https:\/\/edicionstransiberiano.com\/index.php\/wp-json\/wp\/v2\/pages\/170"}],"collection":[{"href":"https:\/\/edicionstransiberiano.com\/index.php\/wp-json\/wp\/v2\/pages"}],"about":[{"href":"https:\/\/edicionstransiberiano.com\/index.php\/wp-json\/wp\/v2\/types\/page"}],"author":[{"embeddable":true,"href":"https:\/\/edicionstransiberiano.com\/index.php\/wp-json\/wp\/v2\/users\/1"}],"replies":[{"embeddable":true,"href":"https:\/\/edicionstransiberiano.com\/index.php\/wp-json\/wp\/v2\/comments?post=170"}],"version-history":[{"count":12,"href":"https:\/\/edicionstransiberiano.com\/index.php\/wp-json\/wp\/v2\/pages\/170\/revisions"}],"predecessor-version":[{"id":672,"href":"https:\/\/edicionstransiberiano.com\/index.php\/wp-json\/wp\/v2\/pages\/170\/revisions\/672"}],"up":[{"embeddable":true,"href":"https:\/\/edicionstransiberiano.com\/index.php\/wp-json\/wp\/v2\/pages\/112"}],"wp:attachment":[{"href":"https:\/\/edicionstransiberiano.com\/index.php\/wp-json\/wp\/v2\/media?parent=170"}],"curies":[{"name":"wp","href":"https:\/\/api.w.org\/{rel}","templated":true}]}}